{"id":959,"date":"2011-09-21T13:27:08","date_gmt":"2011-09-21T13:27:08","guid":{"rendered":"http:\/\/beta.cms-login.co.uk\/TCE\/?page_id=959"},"modified":"2011-09-21T13:27:08","modified_gmt":"2011-09-21T13:27:08","slug":"faq","status":"publish","type":"page","link":"http:\/\/schunk-tokai.pl\/pl\/support\/faq","title":{"rendered":"FAQ"},"content":{"rendered":"<div class=\"wpb-content-wrapper\"><p>[vc_row][vc_column][vc_single_image image=&#8221;5968&#8243; img_size=&#8221;full&#8221; alignment=&#8221;center&#8221;][vc_custom_heading text=&#8221;FAQs&#8221; use_theme_fonts=&#8221;yes&#8221;][\/vc_column][\/vc_row][vc_row][vc_column][vc_tta_accordion c_icon=&#8221;chevron&#8221; active_section=&#8221;88&#8243; collapsible_all=&#8221;true&#8221;][vc_tta_section title=&#8221;Kiedy stosuje si\u0119 grafit i kompozyty CFC?&#8221; tab_id=&#8221;1523904563112-87ba91bf-6e97&#8243;][vc_column_text]Trudno jest stworzy\u0107 list\u0119 zastosowa\u0144, lecz niemal\u017ce ka\u017cdy przedmiot z kt\u00f3rym mamy do czynienia codziennie mia\u0142 kontakt z grafitem b\u0105d\u017a kompozytami CFC na pewnym etapie produkcji. Zakres aplikacji tych materia\u0142\u00f3w to wszystko poczynaj\u0105c od igie\u0142 na reaktorach nuklearnych ko\u0144cz\u0105c.[\/vc_column_text][\/vc_tta_section][vc_tta_section title=&#8221;Jaki jest zamiennik materia\u0142u XYZ oferowany przez Tokai Carbon \/ Schunk Carbon Technology?&#8221; tab_id=&#8221;1523904614532-875b9326-5dbc&#8221;][vc_column_text]Tokai Carbon i Schunk maj\u0105 zakres materia\u0142\u00f3w odpowiedni do wi\u0119kszo\u015bci aplikacji. Oferujemy dob\u00f3r odpowiednich materia\u0142\u00f3w w zale\u017cno\u015bci od wyst\u0119puj\u0105cych parametr\u00f3w.[\/vc_column_text][\/vc_tta_section][vc_tta_section title=&#8221;Jakie s\u0105 r\u00f3\u017cnice mi\u0119dzy r\u00f3\u017cnymi rodzajami grafitu np. izotropowy i ekstrudowany?&#8221; tab_id=&#8221;1523904612757-567375b3-52a5&#8243;][vc_column_text]R\u00f3\u017cnica mi\u0119dzy materia\u0142ami pochodzi od r\u00f3\u017cnych metod produkcji, co wp\u0142ywa na w\u0142asno\u015bci materia\u0142u. Grafit izostatyczny jest prasowany we wszystkich kierunkach, ma te\u017c mniejsze ziarna. W graficie ekstrudowanym wyst\u0119puj\u0105 wi\u0119ksze ziarna, w\u0142asno\u015bci materia\u0142u s\u0105 zmienne w zale\u017cno\u015bci od kierunku.[\/vc_column_text][\/vc_tta_section][vc_tta_section title=&#8221;Jakie s\u0105 r\u00f3\u017cnice mi\u0119dzy r\u00f3\u017cnymi rodzajami kompozyt\u00f3w CFC np. CF226 i CF227?&#8221; tab_id=&#8221;1523904663513-3bc1d38b-0398&#8243;][vc_column_text]Poprzez r\u00f3\u017cnicowanie parametr\u00f3w produkcyjnych (materia\u0142y i technologie) uzyskujemy zakres gatunk\u00f3w CFC z r\u00f3\u017cnymi w\u0142asno\u015bciami mechanicznymi i fizycznymi. R\u00f3\u017cnorodno\u015b\u0107 materia\u0142\u00f3w jest wynikiem stosowania r\u00f3\u017cnych typ\u00f3w w\u0142\u00f3kien i ich orientacji, r\u00f3\u017cnych kombinacji warstw, \u015brodk\u00f3w impregnuj\u0105cych, ilo\u015bci cykli kompresji, ko\u0144cowej temperatury produkcji i obr\u00f3bki wyka\u0144czaj\u0105cej.[\/vc_column_text][\/vc_tta_section][vc_tta_section title=&#8221;Dlaczego produkcja grafitu trwa tak d\u0142ugo?&#8221; tab_id=&#8221;1523904689864-ef12fc97-f88c&#8221;][vc_column_text]Najbardziej czasoch\u0142onnym etapem produkcji grafitu jest obr\u00f3bka cieplna. Etap spiekania przekszta\u0142ca wst\u0119pnie sprasowany blok w blok twardego w\u0119gla, a grafityzacja prowadzi do uporz\u0105dkowania struktury krystalicznej. Oba etapy trwaj\u0105 oko\u0142o 4 miesi\u0119cy.[\/vc_column_text][\/vc_tta_section][vc_tta_section title=&#8221;Dlaczego produkcja kompozyt\u00f3w CFC trwa tak d\u0142ugo?&#8221; tab_id=&#8221;1523904714489-86bbf8e5-3b51&#8243;][vc_column_text]Proces produkcji kompozyt\u00f3w CFC jest procesem wieloetapowym. W pierwszej kolejno\u015bci \u0142\u0105czy si\u0119 materia\u0142y wsadowe. Proces formowania (prasowanie lub zaplatanie) jest prowadzony w celu uzyskania \u017c\u0105danego kszta\u0142tu. Obr\u00f3bka cieplna obejmuje piroliz\u0119 w temperaturze &gt; 1000<sup>o<\/sup>C i ko\u0144cow\u0105 grafityzacje &gt; 2000<sup>o<\/sup>C. Zale\u017cnie od \u017c\u0105danych parametr\u00f3w kompozyt\u00f3w CFC, przed ko\u0144cow\u0105 grafityzacj\u0105 materia\u0142 jest ponownie impregnowany \u017cywic\u0105. \u0141\u0105cznie produkcja kompozyt\u00f3w CFC mo\u017ce trwa\u0107 3 do 6 miesi\u0119cy.[\/vc_column_text][\/vc_tta_section][vc_tta_section title=&#8221;Czy mo\u017cna stosowa\u0107 grafit i kompozyty CFC w bardzo wysokich temperaturach?&#8221; tab_id=&#8221;1523904741655-faa233aa-2f1f&#8221;][vc_column_text]W atmosferach nie zawieraj\u0105cych tlenu, grafit i materia\u0142y CFC mog\u0105 by\u0107 stosowane w temperaturach ponad 2500<sup>o<\/sup>C.[\/vc_column_text][\/vc_tta_section][vc_tta_section title=&#8221;Jakie s\u0105 dost\u0119pne rozmiary blok\u00f3w?&#8221; tab_id=&#8221;1523904768779-64c78795-7ac8&#8243;][vc_column_text]<\/p>\n<p>I am text block. Click edit button to change this text. Lorem ipsum dolor sit amet, consectetur adipiscing elit. Ut elit tellus, luctus nec ullamcorper mattis, pulvinar dapibus leo.<\/p>\n<p>[\/vc_column_text][\/vc_tta_section][\/vc_tta_accordion][\/vc_column][\/vc_row]<\/p>\n<\/div>","protected":false},"excerpt":{"rendered":"<p>[vc_row][vc_column][vc_single_image image=&#8221;5968&#8243; img_size=&#8221;full&#8221; alignment=&#8221;center&#8221;][vc_custom_heading text=&#8221;FAQs&#8221; use_theme_fonts=&#8221;yes&#8221;][\/vc_column][\/vc_row][vc_row][vc_column][vc_tta_accordion c_icon=&#8221;chevron&#8221; active_section=&#8221;88&#8243; collapsible_all=&#8221;true&#8221;][vc_tta_section title=&#8221;Kiedy stosuje si\u0119 grafit i kompozyty CFC?&#8221; tab_id=&#8221;1523904563112-87ba91bf-6e97&#8243;][vc_column_text]Trudno jest stworzy\u0107 list\u0119 zastosowa\u0144, lecz niemal\u017ce ka\u017cdy przedmiot z kt\u00f3rym mamy do czynienia codziennie mia\u0142 kontakt z grafitem b\u0105d\u017a kompozytami CFC na pewnym etapie produkcji. Zakres aplikacji tych materia\u0142\u00f3w to wszystko poczynaj\u0105c od igie\u0142 na reaktorach nuklearnych ko\u0144cz\u0105c.[\/vc_column_text][\/vc_tta_section][vc_tta_section title=&#8221;Jaki jest zamiennik materia\u0142u XYZ&#8230;<\/p>\n","protected":false},"author":1,"featured_media":0,"parent":957,"menu_order":0,"comment_status":"open","ping_status":"open","template":"","meta":{"footnotes":""},"_links":{"self":[{"href":"http:\/\/schunk-tokai.pl\/pl\/wp-json\/wp\/v2\/pages\/959"}],"collection":[{"href":"http:\/\/schunk-tokai.pl\/pl\/wp-json\/wp\/v2\/pages"}],"about":[{"href":"http:\/\/schunk-tokai.pl\/pl\/wp-json\/wp\/v2\/types\/page"}],"author":[{"embeddable":true,"href":"http:\/\/schunk-tokai.pl\/pl\/wp-json\/wp\/v2\/users\/1"}],"replies":[{"embeddable":true,"href":"http:\/\/schunk-tokai.pl\/pl\/wp-json\/wp\/v2\/comments?post=959"}],"version-history":[{"count":0,"href":"http:\/\/schunk-tokai.pl\/pl\/wp-json\/wp\/v2\/pages\/959\/revisions"}],"up":[{"embeddable":true,"href":"http:\/\/schunk-tokai.pl\/pl\/wp-json\/wp\/v2\/pages\/957"}],"wp:attachment":[{"href":"http:\/\/schunk-tokai.pl\/pl\/wp-json\/wp\/v2\/media?parent=959"}],"curies":[{"name":"wp","href":"https:\/\/api.w.org\/{rel}","templated":true}]}}