{"id":62,"date":"2011-04-10T21:06:49","date_gmt":"2011-04-10T21:06:49","guid":{"rendered":"http:\/\/www.kriesi.at\/themes\/brightbox\/?page_id=62"},"modified":"2011-04-10T21:06:49","modified_gmt":"2011-04-10T21:06:49","slug":"home","status":"publish","type":"page","link":"http:\/\/schunk-tokai.pl\/pl\/","title":{"rendered":"Start"},"content":{"rendered":"<div class=\"wpb-content-wrapper\"><p>[vc_row][vc_column][vc_column_text]<\/p>\n<h3>Kooperacja firm Schunk i Tokai<\/h3>\n<div class=\"post-entry post-entry-dynamic \">\n<div class=\"entry-content\">\n<p>Firmy Schunk i Tokai zdecydowa\u0142y si\u0119 na wsp\u00f3lny rozw\u00f3j i promocj\u0119 na polskim rynku.<br \/>\nDzi\u0119ki temu rozwi\u0105zaniu mo\u017cemy zaoferowa\u0107 najszersze portfolio produkt\u00f3w w\u0119glowych: grafit izostatyczny, ekstrudowany oraz kompozyty w\u0119glowe CFC.<br \/>\nWsp\u00f3\u0142praca ta oznacza: wsparcie techniczne wyspecjalizowanej grupy in\u017cynier\u00f3w, dost\u0119p do najnowszych technologii, wiedzy i do\u015bwiadczenia w zakresie doboru materia\u0142u oraz proces\u00f3w: powlekania, oczyszczania materia\u0142u oraz projektowania rozwi\u0105za\u0144 specjalnych.<\/p>\n<\/div>\n<\/div>\n<p>[\/vc_column_text][\/vc_column][\/vc_row][vc_row][vc_column width=&#8221;1\/3&#8243;][vc_column_text]<\/p>\n<div class=\"grid4 first\">\n<p><strong>Schunk Carbon Technology<\/strong> od ponad 100 lat rozwija zaawansowane produkty w\u0119glowe dla kluczowych bran\u017c przemys\u0142u na ca\u0142ym \u015bwiecie. Wyr\u00f3\u017cniamy si\u0119 najwy\u017csz\u0105 jako\u015bci\u0105 materia\u0142\u00f3w, wytrzyma\u0142o\u015bci\u0105 i tradycyjn\u0105 doskona\u0142o\u015bci\u0105. Bliska wsp\u00f3\u0142praca z klientami jest dla nas szczeg\u00f3lnie istotna. Potrzeby i cele naszych odbiorc\u00f3w s\u0105 dla nas najwa\u017cniejszymi priorytetami. Schunk oferuje materia\u0142y i komponenty dla szerokiego zakresu aplikacji wysokotemperaturowych \u2013 nawet do temperatury 2800\u00b0C. Przeprowadzamy wszystkie procesy od produkcji materia\u0142u bazowego, poprzez projektowanie, rozw\u00f3j i produkcj\u0119 komponent\u00f3w, do kontroli jako\u015bci i testowania. Produkujemy elementy r\u00f3\u017cnej wielko\u015bci od mikroskopijnych rozmiar\u00f3w do kilku metr\u00f3w d\u0142ugo\u015bci. Na bazie naszego do\u015bwiadczenia, zapewniamy kompleksow\u0105 obs\u0142ug\u0119 i doradztwo techniczne.<\/p>\n<\/div>\n<p>[\/vc_column_text][\/vc_column][vc_column width=&#8221;1\/3&#8243; css=&#8221;.vc_custom_1523625760072{padding-top: 5px !important;padding-right: 5px !important;padding-bottom: 5px !important;padding-left: 5px !important;border-radius: 1px !important;}&#8221;][vc_single_image image=&#8221;5316&#8243; img_size=&#8221;full&#8221; alignment=&#8221;center&#8221;][vc_column_text]<strong>Lokalizacje<\/strong><br \/>\n<em>Zak\u0142ady firm Schunk <\/em>i<em> Tokai<\/em>[\/vc_column_text][\/vc_column][vc_column width=&#8221;1\/3&#8243;][vc_column_text]<strong>Tokai Carbon Group<\/strong>, pionier w zakresie grafitu od ponad 80 lat, zawsze stale rozszerza granice mo\u017cliwo\u015bci technicznych. Aby zapewni\u0107 post\u0119p, w coraz bardziej kompleksowym i globalizuj\u0105cym si\u0119 \u015bwiece, rozwin\u0119li\u015bmy i zdywersyfikowali\u015bmy aplikacje produkt\u00f3w grafitowych. \u017beby spe\u0142ni\u0107 zmieniaj\u0105ce si\u0119 potrzeby naszych klient\u00f3w, ewoluowali\u015bmy w producenta dysponuj\u0105cego pe\u0142n\u0105 palet\u0105 produkt\u00f3w w\u0119glowych. W wyniku na\u0142o\u017cenia si\u0119 procesu globalizacji korporacji, oraz technicznych innowacji, szybko zmieniaj\u0105cych oblicze \u015bwiata, wprowadzili\u015bmy techniczne usprawnienia i dywersyfikacje. Zorientowanie na klienta to kluczowy czynnik wyznaczaj\u0105cy kierunki dzia\u0142a\u0144. Wybitne osi\u0105gni\u0119cia w rozwoju technologii oraz wzrost know-how w zakresie grafitu to nasze zobowi\u0105zanie. Ci\u0105gle b\u0119dziemy kontynuowa\u0107 nasze wysi\u0142ki aby podnosi\u0107 kompetencje technologiczne, oraz zapewni\u0107 stabilny wzrost na bazie solidno\u015bci mi\u0119dzynarodowego przedsi\u0119biorstwa.[\/vc_column_text][\/vc_column][\/vc_row]<\/p>\n<\/div>","protected":false},"excerpt":{"rendered":"<p>[vc_row][vc_column][vc_column_text] Kooperacja firm Schunk i Tokai Firmy Schunk i Tokai zdecydowa\u0142y si\u0119 na wsp\u00f3lny rozw\u00f3j i promocj\u0119 na polskim rynku. Dzi\u0119ki temu rozwi\u0105zaniu mo\u017cemy zaoferowa\u0107 najszersze portfolio produkt\u00f3w w\u0119glowych: grafit izostatyczny, ekstrudowany oraz kompozyty w\u0119glowe CFC. Wsp\u00f3\u0142praca ta oznacza: wsparcie techniczne wyspecjalizowanej grupy in\u017cynier\u00f3w, dost\u0119p do najnowszych technologii, wiedzy i do\u015bwiadczenia w zakresie doboru materia\u0142u oraz proces\u00f3w: powlekania, oczyszczania materia\u0142u&#8230;<\/p>\n","protected":false},"author":1,"featured_media":0,"parent":0,"menu_order":0,"comment_status":"closed","ping_status":"open","template":"page-no-sidebar.php","meta":{"footnotes":""},"_links":{"self":[{"href":"http:\/\/schunk-tokai.pl\/pl\/wp-json\/wp\/v2\/pages\/62"}],"collection":[{"href":"http:\/\/schunk-tokai.pl\/pl\/wp-json\/wp\/v2\/pages"}],"about":[{"href":"http:\/\/schunk-tokai.pl\/pl\/wp-json\/wp\/v2\/types\/page"}],"author":[{"embeddable":true,"href":"http:\/\/schunk-tokai.pl\/pl\/wp-json\/wp\/v2\/users\/1"}],"replies":[{"embeddable":true,"href":"http:\/\/schunk-tokai.pl\/pl\/wp-json\/wp\/v2\/comments?post=62"}],"version-history":[{"count":0,"href":"http:\/\/schunk-tokai.pl\/pl\/wp-json\/wp\/v2\/pages\/62\/revisions"}],"wp:attachment":[{"href":"http:\/\/schunk-tokai.pl\/pl\/wp-json\/wp\/v2\/media?parent=62"}],"curies":[{"name":"wp","href":"https:\/\/api.w.org\/{rel}","templated":true}]}}