{"id":611,"date":"2011-07-27T14:03:50","date_gmt":"2011-07-27T14:03:50","guid":{"rendered":"http:\/\/beta.cms-login.co.uk\/TCE\/?page_id=611"},"modified":"2011-07-27T14:03:50","modified_gmt":"2011-07-27T14:03:50","slug":"what-is-graphite","status":"publish","type":"page","link":"http:\/\/schunk-tokai.pl\/pl\/support\/what-is-graphite","title":{"rendered":"Czym jest grafit?"},"content":{"rendered":"<div class=\"wpb-content-wrapper\"><p>[vc_row][vc_column][vc_single_image image=&#8221;5961&#8243; img_size=&#8221;full&#8221; alignment=&#8221;center&#8221;][vc_custom_heading text=&#8221;Czym jest grafit?&#8221; use_theme_fonts=&#8221;yes&#8221;][\/vc_column][\/vc_row][vc_row][vc_column][vc_column_text]Grafit jest odmian\u0105 alotropow\u0105 w\u0119gla, wytwarzan\u0105 z mieszaniny koksu i spoiwa (smo\u0142y) w procesie karbonizacji.<br \/>\nKolejnym etapem jest grafityzacja w elektrycznym piecu oporowym, kt\u00f3ra amorficzn\u0105 struktur\u0119 w\u0119gla przekszta\u0142ca w krystaliczny grafit.<\/p>\n<p>Prasowanie izostatyczne na zimno &#8211; jest spos\u00f3b formowania masy przed spiekaniem. Mamy jeden z najwi\u0119kszych zbiornik\u00f3w pozwalaj\u0105cych wykorzysta\u0107 metod\u0119 prasowania izostatycznego &#8211; \u015brednica wewn\u0119trzna 98 do 118 cali (2,500mm do 3.000 mm).<\/p>\n<p>Metoda prasowania izostatycznego opiera si\u0119 na transmitowaniu ci\u015bnienia ciecz\u0105. Jest to metoda wykorzystuj\u0105ca prawo Pascala do formowania proszku. Gdy mieszanina formowana jest szczelnie zamkni\u0119ta w gumowej, odkszta\u0142calnej formie, ci\u015bnienie cieczy dzia\u0142a r\u00f3wnomiernie na wszystkie powierzchnie zewn\u0119trzne formy. Pozwala to otrzyma\u0107 tak\u0105 sam\u0105 si\u0142\u0119 \u015bciskaj\u0105c\u0105 r\u00f3wn\u0105 ci\u015bnieniu cieczy. Dzi\u0119ki temu materia\u0142 jest sprasowany i uformowany izotropowo.<\/p>\n<p>Istniej\u0105 trzy rodzaje grafitu zale\u017cnie od metody produkcji: izotropowy, ekstrudowany i formowany.[\/vc_column_text][vc_row_inner][vc_column_inner width=&#8221;1\/2&#8243;][vc_column_text]Grafit posiada unikalne w\u0142asno\u015bci, co oznacza, \u017ce mo\u017ce by\u0107 u\u017cywany w wielu r\u00f3\u017cnych aplikacjach, a mianowicie:[\/vc_column_text][vc_column_text]<\/p>\n<ol>\n<li><a href=\"\/pl\/wp-content\/uploads\/New-Compairson-of-SR-TC.pdf\" target=\"_blank\" rel=\"noopener\">dobra przewodno\u015b\u0107 elektryczna oraz wysoka przewodno\u015b\u0107 cieplna<\/a><\/li>\n<li><a href=\"\/pl\/wp-content\/uploads\/New-CTE-Comparison.pdf\" target=\"_blank\" rel=\"noopener\">niski wsp\u00f3\u0142czynnik rozszerzalno\u015bci cieplnej, i dzi\u0119ki temu wysoka odporno\u015b\u0107 na szok termiczny<\/a><\/li>\n<li><a href=\"\/pl\/wp-content\/uploads\/New-Strength-vs-Temperature.pdf\" target=\"_blank\" rel=\"noopener\">wytrzyma\u0142o\u015b\u0107 w wysokich temperaturach<\/a><\/li>\n<li><a href=\"\/pl\/wp-content\/uploads\/New-Chemical-Inertness.pdf\" target=\"_blank\" rel=\"noopener\">oboj\u0119tno\u015b\u0107 chemiczna oraz brak zwil\u017calno\u015bci przez szk\u0142o i wi\u0119kszo\u015bci metali<\/a><\/li>\n<li><a href=\"\/pl\/wp-content\/uploads\/New-Self-lubricity.pdf\" target=\"_blank\" rel=\"noopener\">samosmarowno\u015b\u0107<\/a>6. <a href=\"\/pl\/wp-content\/uploads\/New-Ease-of-machining.pdf\" target=\"_blank\" rel=\"noopener\">\u0142atwy w obr\u00f3bce, nawet przy skomplikowanych kszta\u0142tach<\/a><\/li>\n<\/ol>\n<p>[\/vc_column_text][\/vc_column_inner][vc_column_inner width=&#8221;1\/2&#8243;][vc_single_image image=&#8221;1091&#8243; img_size=&#8221;full&#8221; onclick=&#8221;link_image&#8221;][\/vc_column_inner][\/vc_row_inner][\/vc_column][\/vc_row]<\/p>\n<\/div>","protected":false},"excerpt":{"rendered":"<p>[vc_row][vc_column][vc_single_image image=&#8221;5961&#8243; img_size=&#8221;full&#8221; alignment=&#8221;center&#8221;][vc_custom_heading text=&#8221;Czym jest grafit?&#8221; use_theme_fonts=&#8221;yes&#8221;][\/vc_column][\/vc_row][vc_row][vc_column][vc_column_text]Grafit jest odmian\u0105 alotropow\u0105 w\u0119gla, wytwarzan\u0105 z mieszaniny koksu i spoiwa (smo\u0142y) w procesie karbonizacji. Kolejnym etapem jest grafityzacja w elektrycznym piecu oporowym, kt\u00f3ra amorficzn\u0105 struktur\u0119 w\u0119gla przekszta\u0142ca w krystaliczny grafit. Prasowanie izostatyczne na zimno &#8211; jest spos\u00f3b formowania masy przed spiekaniem. Mamy jeden z najwi\u0119kszych zbiornik\u00f3w pozwalaj\u0105cych wykorzysta\u0107 metod\u0119 prasowania izostatycznego &#8211;&#8230;<\/p>\n","protected":false},"author":1,"featured_media":0,"parent":957,"menu_order":0,"comment_status":"closed","ping_status":"closed","template":"","meta":{"footnotes":""},"_links":{"self":[{"href":"http:\/\/schunk-tokai.pl\/pl\/wp-json\/wp\/v2\/pages\/611"}],"collection":[{"href":"http:\/\/schunk-tokai.pl\/pl\/wp-json\/wp\/v2\/pages"}],"about":[{"href":"http:\/\/schunk-tokai.pl\/pl\/wp-json\/wp\/v2\/types\/page"}],"author":[{"embeddable":true,"href":"http:\/\/schunk-tokai.pl\/pl\/wp-json\/wp\/v2\/users\/1"}],"replies":[{"embeddable":true,"href":"http:\/\/schunk-tokai.pl\/pl\/wp-json\/wp\/v2\/comments?post=611"}],"version-history":[{"count":0,"href":"http:\/\/schunk-tokai.pl\/pl\/wp-json\/wp\/v2\/pages\/611\/revisions"}],"up":[{"embeddable":true,"href":"http:\/\/schunk-tokai.pl\/pl\/wp-json\/wp\/v2\/pages\/957"}],"wp:attachment":[{"href":"http:\/\/schunk-tokai.pl\/pl\/wp-json\/wp\/v2\/media?parent=611"}],"curies":[{"name":"wp","href":"https:\/\/api.w.org\/{rel}","templated":true}]}}