{"id":5847,"date":"2016-09-08T11:34:12","date_gmt":"2016-09-08T11:34:12","guid":{"rendered":"http:\/\/schunk-tokai.pl\/pl\/?page_id=5847"},"modified":"2018-05-30T12:05:59","modified_gmt":"2018-05-30T12:05:59","slug":"foundry","status":"publish","type":"page","link":"http:\/\/schunk-tokai.pl\/pl\/foundry","title":{"rendered":"Odlewnictwo"},"content":{"rendered":"<div class=\"wpb-content-wrapper\"><p>[vc_row][vc_column][vc_single_image image=&#8221;5941&#8243; img_size=&#8221;full&#8221; alignment=&#8221;center&#8221;][vc_custom_heading text=&#8221;Odlewnictwo&#8221; font_container=&#8221;tag:h1|text_align:left&#8221; use_theme_fonts=&#8221;yes&#8221;][\/vc_column][\/vc_row][vc_row][vc_column][vc_tta_accordion c_icon=&#8221;chevron&#8221; active_section=&#8221;166&#8243; collapsible_all=&#8221;true&#8221;][vc_tta_section title=&#8221;Bran\u017ce przemys\u0142u, gdzie przetwarzane s\u0105 stopione metale takie&#8221; tab_id=&#8221;1523897383588-cc5eea9c-d1d6&#8243;][vc_column_text]<\/p>\n<div class=\"togglecontainer toggle_close_all \">\n<div class=\"toggle_wrap\">\n<div class=\"toggle_content\">\n<div class=\"toggle_wrap\">\n<div class=\"toggle_content\">\n<p>Bran\u017ce przemys\u0142u, gdzie przetwarzane s\u0105 stopione metale takie jak \u017celazo, aluminium, mied\u017a i metale szlachetne, stosuj\u0105 odlewanie i techniki obr\u00f3bki wymagaj\u0105ce stosowania materia\u0142\u00f3w grafitowych odpornych na kontakt z ciek\u0142ymi metalami. Grafit nie mo\u017ce wchodzi\u0107 w reakcj\u0119 z p\u0142ynnymi metalami, ani pozostawia\u0107 jakichkolwiek wtr\u0105ce\u0144 w ciek\u0142ych roztworach. Powodowa\u0142o by to problemy w p\u00f3\u017aniejszej obr\u00f3bce i u\u017cytkowaniu. Procesy ci\u0105g\u0142ego odlewania, wymagaj\u0105 stosowania grafitu z wielu powod\u00f3w, w\u0142\u0105czaj\u0105c:<\/p>\n<ol>\n<li>odporno\u015b\u0107 na zwil\u017canie ciek\u0142ym metalem b\u0105d\u017a szk\u0142em<\/li>\n<li>efektywne odprowadzanie ciep\u0142a<\/li>\n<li>doskona\u0142a odporno\u015b\u0107 na szoki termiczne<\/li>\n<\/ol>\n<p>Firma Schunk rozwin\u0119\u0142a proces rafinacji grafitu poprawiaj\u0105cy jako\u015b\u0107 odlew\u00f3w i wyd\u0142u\u017caj\u0105cy okres u\u017cytkowania krystalizator\u00f3w grafitowych.<\/p>\n<p>Z tych samych powod\u00f3w rotory grafitowe idealnie nadaj\u0105 si\u0119 dla przetw\u00f3rstwa stop\u00f3w aluminium, podczas operacji takich jak odgazowywanie. Materia\u0142 GRAPHOX oferuje wyd\u0142u\u017cony cykl pracy. Tokai stosuje specjaln\u0105 obr\u00f3bk\u0119 po wykonaniu rotor\u00f3w, kt\u00f3ra zapewnia kompletn\u0105 impregnacj\u0119 produkowanych element\u00f3w zmniejszaj\u0105c\u0105 utlenianie grafitu.<\/p>\n<\/div>\n<\/div>\n<\/div>\n<\/div>\n<\/div>\n<p>[\/vc_column_text][\/vc_tta_section][\/vc_tta_accordion][\/vc_column][\/vc_row][vc_row][vc_column][vc_column_text]Zalecane materia\u0142y i gatunki s\u0105 przedstawione w poni\u017cszej tabeli:<\/p>\n<table border=\"1\" width=\"400\">\n<tbody>\n<tr>\n<td><strong>Aplikacja<\/strong><\/td>\n<td><strong>Grafit ekstrudowany\/formowany<\/strong><\/td>\n<td><strong>Grafit Izostatyczny<\/strong><\/td>\n<td><strong>Kompozyty w\u0119glowe CFC<\/strong><\/td>\n<\/tr>\n<tr>\n<td colspan=\"4\">Ci\u0105g\u0142e odlewanie<\/td>\n<\/tr>\n<tr>\n<td>\u017beliwo szare<\/td>\n<td><\/td>\n<td><a title=\"G330\" href=\"\/pl\/wp-content\/uploads\/New-G330.pdf\" target=\"_blank\" rel=\"noopener\">G330<\/a>, <a title=\"G347\" href=\"\/pl\/wp-content\/uploads\/New-G347.pdf\" target=\"_blank\" rel=\"noopener\">G347<\/a><\/td>\n<td><\/td>\n<\/tr>\n<tr>\n<td>\u017beliwo sferoidalne<\/td>\n<td><\/td>\n<td><a title=\"G330\" href=\"\/pl\/wp-content\/uploads\/New-G330.pdf\" target=\"_blank\" rel=\"noopener\">G330<\/a>, <a title=\"G348\" href=\"\/pl\/wp-content\/uploads\/New-G348.pdf\" target=\"_blank\" rel=\"noopener\">G348<\/a><\/td>\n<td><\/td>\n<\/tr>\n<tr>\n<td>Mosi\u0105dze<\/td>\n<td><\/td>\n<td><a title=\"G347\" href=\"\/pl\/wp-content\/uploads\/New-G347.pdf\" target=\"_blank\" rel=\"noopener\">G347<\/a>, <a title=\"G348\" href=\"\/pl\/wp-content\/uploads\/New-G348.pdf\" target=\"_blank\" rel=\"noopener\">G348<\/a>, <a title=\"G458\" href=\"\/pl\/wp-content\/uploads\/New-G458.pdf\" target=\"_blank\" rel=\"noopener\">G458<\/a><\/td>\n<td><\/td>\n<\/tr>\n<tr>\n<td>Br\u0105zy<\/td>\n<td><\/td>\n<td><a title=\"G330\" href=\"\/pl\/wp-content\/uploads\/New-G330.pdf\" target=\"_blank\" rel=\"noopener\">G330<\/a>, <a title=\"G348\" href=\"\/pl\/wp-content\/uploads\/New-G348.pdf\" target=\"_blank\" rel=\"noopener\">G348<\/a><\/td>\n<td><\/td>\n<\/tr>\n<tr>\n<td>Miedzionikiel<\/td>\n<td><\/td>\n<td><a title=\"G348\" href=\"\/pl\/wp-content\/uploads\/New-G348.pdf\" target=\"_blank\" rel=\"noopener\">G348<\/a><\/td>\n<td><\/td>\n<\/tr>\n<tr>\n<td>Mosi\u0105dz wysokoniklowy<\/td>\n<td><\/td>\n<td><a title=\"G348\" href=\"\/pl\/wp-content\/uploads\/New-G348.pdf\" target=\"_blank\" rel=\"noopener\">G348<\/a><\/td>\n<td><\/td>\n<\/tr>\n<tr>\n<td>Metale szlachetne<\/td>\n<td><\/td>\n<td><a title=\"G347\" href=\"\/pl\/wp-content\/uploads\/New-G347.pdf\" target=\"_blank\" rel=\"noopener\">G347<\/a>, <a title=\"G348\" href=\"\/pl\/wp-content\/uploads\/New-G348.pdf\" target=\"_blank\" rel=\"noopener\">G348<\/a><\/td>\n<td><\/td>\n<\/tr>\n<tr>\n<td>Cynk<\/td>\n<td><\/td>\n<td><a title=\"G347\" href=\"\/pl\/wp-content\/uploads\/New-G347.pdf\" target=\"_blank\" rel=\"noopener\">G347<\/a><\/td>\n<td><\/td>\n<\/tr>\n<tr>\n<td>Aluminium k\u0119sy i stabki<\/td>\n<td><\/td>\n<td><a title=\"G330\" href=\"\/pl\/wp-content\/uploads\/New-G330.pdf\" target=\"_blank\" rel=\"noopener\">G330<\/a>, <a title=\"G347\" href=\"\/pl\/wp-content\/uploads\/New-G347.pdf\" target=\"_blank\" rel=\"noopener\">G347<\/a><\/td>\n<td><\/td>\n<\/tr>\n<tr>\n<td colspan=\"4\">Inne zastosowania<\/td>\n<\/tr>\n<tr>\n<td>Odgazowywanie aluminium<\/td>\n<td><a title=\"EE250G\" href=\"\/pl\/wp-content\/uploads\/FE250G.pdf\" target=\"_blank\" rel=\"noopener\">EE250G<\/a><\/td>\n<td><\/td>\n<td><\/td>\n<\/tr>\n<tr>\n<td>Pompy ciek\u0142ego metalu<\/td>\n<td><a title=\"EE250G\" href=\"\/pl\/wp-content\/uploads\/FE250G.pdf\" target=\"_blank\" rel=\"noopener\">EE250G<\/a><\/td>\n<td><\/td>\n<td><\/td>\n<\/tr>\n<tr>\n<td>Ok\u0142adziny paneli odbieraj\u0105cych &#8211; wyciskanie<\/td>\n<td><a title=\"FE250\" href=\"\/pl\/wp-content\/uploads\/New-FE250.pdf\" target=\"_blank\" rel=\"noopener\">FE250<\/a><\/td>\n<td><\/td>\n<td><\/td>\n<\/tr>\n<tr>\n<td>Elementy grzejne<\/td>\n<td><a title=\"FE250\" href=\"\/pl\/wp-content\/uploads\/New-FE250.pdf\" target=\"_blank\" rel=\"noopener\">FE250<\/a><\/td>\n<td><a title=\"G330\" href=\"\/pl\/wp-content\/uploads\/New-G330.pdf\" target=\"_blank\" rel=\"noopener\">G330<\/a><\/td>\n<td><a title=\"CF222\" href=\"\/pl\/wp-content\/uploads\/e_CF-222.pdf\" target=\"_blank\" rel=\"noopener\">CF222<\/a>, <a title=\"CF226\" href=\"\/pl\/wp-content\/uploads\/e_CF-226.pdf\" target=\"_blank\" rel=\"noopener\">CF226<\/a><\/td>\n<\/tr>\n<tr>\n<td>Elementy konstrukcyjne piec\u00f3w<\/td>\n<td><a title=\"EE250\" href=\"\/pl\/wp-content\/uploads\/New-EE250.pdf\" target=\"_blank\" rel=\"noopener\">EE250<\/a><\/td>\n<td><a title=\"G347\" href=\"\/pl\/wp-content\/uploads\/New-G347.pdf\" target=\"_blank\" rel=\"noopener\">G347<\/a><\/td>\n<td><a title=\"CF226\" href=\"\/pl\/wp-content\/uploads\/e_CF-226.pdf\" target=\"_blank\" rel=\"noopener\">CF226<\/a>, <a title=\"CF227\" href=\"\/pl\/wp-content\/uploads\/e_CF-227.pdf\" target=\"_blank\" rel=\"noopener\">CF227<\/a><\/td>\n<\/tr>\n<tr>\n<td>Pokrycie wn\u0119trza pieca<\/td>\n<td><\/td>\n<td><\/td>\n<td><a title=\"CF226\/2\" href=\"\/pl\/wp-content\/uploads\/e_CF-226_2.pdf\" target=\"_blank\" rel=\"noopener\">CF226\/2<\/a>, <a title=\"CF227\/2\" href=\"\/pl\/wp-content\/uploads\/e_CF-227_2.pdf\" target=\"_blank\" rel=\"noopener\">CF227\/2<\/a><\/td>\n<\/tr>\n<tr>\n<td>\u0141\u00f3dki<\/td>\n<td><a title=\"FE250\" href=\"\/pl\/wp-content\/uploads\/New-FE250.pdf\" target=\"_blank\" rel=\"noopener\">FE250<\/a><\/td>\n<td><a title=\"G330\" href=\"\/pl\/wp-content\/uploads\/New-G330.pdf\" target=\"_blank\" rel=\"noopener\">G330<\/a><\/td>\n<td><\/td>\n<\/tr>\n<tr>\n<td>Tace do spiekania<\/td>\n<td><a title=\"EE250\" href=\"\/pl\/wp-content\/uploads\/New-EE250.pdf\" target=\"_blank\" rel=\"noopener\">EE250<\/a><\/td>\n<td><a title=\"G347\" href=\"\/pl\/wp-content\/uploads\/New-G347.pdf\" target=\"_blank\" rel=\"noopener\">G347<\/a><\/td>\n<td><a title=\"CF226\" href=\"\/pl\/wp-content\/uploads\/e_CF-226.pdf\" target=\"_blank\" rel=\"noopener\">CF226<\/a>, <a title=\"CF227\" href=\"\/pl\/wp-content\/uploads\/e_CF-227.pdf\" target=\"_blank\" rel=\"noopener\">CF227<\/a><\/td>\n<\/tr>\n<tr>\n<td>Tygle<\/td>\n<td><a title=\"G140\" href=\"\/pl\/wp-content\/uploads\/New-G140.pdf\" target=\"_blank\" rel=\"noopener\">G140<\/a><\/td>\n<td><a title=\"G348\" href=\"\/pl\/wp-content\/uploads\/New-G348.pdf\" target=\"_blank\" rel=\"noopener\">G348<\/a><\/td>\n<td><\/td>\n<\/tr>\n<tr>\n<td>Tygle o du\u017cych rozmiarach<\/td>\n<td><\/td>\n<td><a title=\"G530\" href=\"\/pl\/wp-content\/uploads\/New-G530.pdf\" target=\"_blank\" rel=\"noopener\">G530<\/a><\/td>\n<td><\/td>\n<\/tr>\n<\/tbody>\n<\/table>\n<p>G = Graphox &#8211; impregnacj[\/vc_column_text][\/vc_column][\/vc_row][vc_row][vc_column][\/vc_column][\/vc_row]<\/p>\n<\/div>","protected":false},"excerpt":{"rendered":"<p>[vc_row][vc_column][vc_single_image image=&#8221;5941&#8243; img_size=&#8221;full&#8221; alignment=&#8221;center&#8221;][vc_custom_heading text=&#8221;Odlewnictwo&#8221; font_container=&#8221;tag:h1|text_align:left&#8221; use_theme_fonts=&#8221;yes&#8221;][\/vc_column][\/vc_row][vc_row][vc_column][vc_tta_accordion c_icon=&#8221;chevron&#8221; active_section=&#8221;166&#8243; collapsible_all=&#8221;true&#8221;][vc_tta_section title=&#8221;Bran\u017ce przemys\u0142u, gdzie przetwarzane s\u0105 stopione metale takie&#8221; tab_id=&#8221;1523897383588-cc5eea9c-d1d6&#8243;][vc_column_text] Bran\u017ce przemys\u0142u, gdzie przetwarzane s\u0105 stopione metale takie jak \u017celazo, aluminium, mied\u017a i metale szlachetne, stosuj\u0105 odlewanie i techniki obr\u00f3bki wymagaj\u0105ce stosowania materia\u0142\u00f3w grafitowych odpornych na kontakt z ciek\u0142ymi metalami. Grafit nie mo\u017ce wchodzi\u0107 w reakcj\u0119 z p\u0142ynnymi metalami, ani pozostawia\u0107&#8230;<\/p>\n","protected":false},"author":1,"featured_media":0,"parent":0,"menu_order":0,"comment_status":"open","ping_status":"open","template":"","meta":{"footnotes":""},"_links":{"self":[{"href":"http:\/\/schunk-tokai.pl\/pl\/wp-json\/wp\/v2\/pages\/5847"}],"collection":[{"href":"http:\/\/schunk-tokai.pl\/pl\/wp-json\/wp\/v2\/pages"}],"about":[{"href":"http:\/\/schunk-tokai.pl\/pl\/wp-json\/wp\/v2\/types\/page"}],"author":[{"embeddable":true,"href":"http:\/\/schunk-tokai.pl\/pl\/wp-json\/wp\/v2\/users\/1"}],"replies":[{"embeddable":true,"href":"http:\/\/schunk-tokai.pl\/pl\/wp-json\/wp\/v2\/comments?post=5847"}],"version-history":[{"count":2,"href":"http:\/\/schunk-tokai.pl\/pl\/wp-json\/wp\/v2\/pages\/5847\/revisions"}],"predecessor-version":[{"id":6034,"href":"http:\/\/schunk-tokai.pl\/pl\/wp-json\/wp\/v2\/pages\/5847\/revisions\/6034"}],"wp:attachment":[{"href":"http:\/\/schunk-tokai.pl\/pl\/wp-json\/wp\/v2\/media?parent=5847"}],"curies":[{"name":"wp","href":"https:\/\/api.w.org\/{rel}","templated":true}]}}