{"id":5788,"date":"2016-09-06T15:09:20","date_gmt":"2016-09-06T15:09:20","guid":{"rendered":"http:\/\/schunk-tokai.pl\/pl\/?page_id=5788"},"modified":"2018-05-30T12:02:31","modified_gmt":"2018-05-30T12:02:31","slug":"glass","status":"publish","type":"page","link":"http:\/\/schunk-tokai.pl\/pl\/glass","title":{"rendered":"Opakowania Szklane"},"content":{"rendered":"<div class=\"wpb-content-wrapper\"><p>[vc_row][vc_column][vc_single_image image=&#8221;5939&#8243; img_size=&#8221;full&#8221; alignment=&#8221;center&#8221;][vc_custom_heading text=&#8221;Opakowania Szklane&#8221; font_container=&#8221;tag:h1|text_align:left&#8221; use_theme_fonts=&#8221;yes&#8221;][\/vc_column][\/vc_row][vc_row][vc_column][vc_tta_accordion c_icon=&#8221;chevron&#8221; active_section=&#8221;56&#8243; collapsible_all=&#8221;true&#8221;][vc_tta_section title=&#8221;Ka\u017cdy etap wysokotemperaturowych proces\u00f3w produkcji opakowa\u0144 szklanych &#8221; tab_id=&#8221;1523896332494-7bfc63a1-415c&#8221;][vc_column_text]Ka\u017cdy etap wysokotemperaturowych proces\u00f3w produkcji opakowa\u0144 szklanych: formowanie, prowadzenie, przenoszenie produkt\u00f3w wymaga kontaktu z elementami wykonanymi z innych materia\u0142\u00f3w. Funkcjonowanie i w\u0142asno\u015bci materia\u0142\u00f3w wykorzystanych na te elementy s\u0105 kluczowe dla efektywnego, bezproblemowego procesu produkcyjnego oraz dla jako\u015bci ko\u0144cowej wyrob\u00f3w. Dlatego produkujemy komponenty grafitowe dla proces\u00f3w produkcji opakowa\u0144 szklanych. Grafit jest materia\u0142em o specyficznych w\u0142a\u015bciwo\u015bciach, dzi\u0119ki czemu jest idealny do stosowania w przemy\u015ble szklarskim:<\/p>\n<ul>\n<li>\u2022zapobiega p\u0119kaniu napr\u0119\u017ceniowemu w miejscu kontaktu z produktem, poniewa\u017c jego przewodno\u015b\u0107 cieplna jest istotnie ni\u017csza ni\u017c innych materia\u0142\u00f3w.<\/li>\n<li>nie zostawia wtr\u0105ce\u0144 na powierzchni szk\u0142a, dzi\u0119ki swojej odporno\u015bci chemicznej.<\/li>\n<li>pozwala uzyska\u0107 wysok\u0105 trwa\u0142o\u015b\u0107 element\u00f3w urz\u0105dze\u0144, poniewa\u017c jest odporny na wysokie temperatury i utlenianie.<\/li>\n<\/ul>\n<p>Dla aplikacji podlegaj\u0105cych du\u017cym obci\u0105\u017ceniom mechanicznym firma Schunk oferuje materia\u0142y kompozytowe.<\/p>\n<p>Pomagamy naszym klientom w procesie planowania i rozwoju produkt\u00f3w. Wspieramy Pa\u0144stwa w zakresie doboru kszta\u0142tu i wymiar\u00f3w, jak i w wyborze najefektywniejszej metody produkcji.[\/vc_column_text][\/vc_tta_section][\/vc_tta_accordion][vc_column_text]Zalecane materia\u0142y i gatunki s\u0105 przedstawione w poni\u017cszej tabeli.<br \/>\nAby pobra\u0107 nasz katalog w wersji elektronicznej kliknij <a title=\"tutaj\" href=\"\/pl\/wp-content\/uploads\/29.21e-Keep-cool-20121.pdf\" target=\"_blank\" rel=\"noopener\">tutaj<\/a><\/p>\n<table border=\"1\" width=\"400\">\n<tbody>\n<tr>\n<td><strong>Aplikacja<\/strong><\/td>\n<td><strong>Grafit izostatyczny<\/strong><\/td>\n<td><strong>Kompozyty w\u0119glowe CFC<\/strong><\/td>\n<td><strong>inne<\/strong><\/td>\n<\/tr>\n<tr>\n<td colspan=\"4\"><strong>Opakowania szklane<\/strong><\/td>\n<\/tr>\n<tr>\n<td>Korpusy systemu QC\/FL<\/td>\n<td><\/td>\n<td><\/td>\n<td>stal<\/td>\n<\/tr>\n<tr>\n<td>Wk\u0142adki grafitowe QC*\/FL**<\/td>\n<td><a title=\"FE479\" href=\"\/pl\/wp-content\/uploads\/e_FE-479.pdf\" target=\"_blank\" rel=\"noopener\">FE479<\/a>, <a title=\"FE879\" href=\"\/pl\/wp-content\/uploads\/e_FE-879.pdf\" target=\"_blank\" rel=\"noopener\">FE879<\/a><\/td>\n<td><\/td>\n<td><\/td>\n<\/tr>\n<tr>\n<td>Wk\u0142adki form<\/td>\n<td><a title=\"FE779\" href=\"\/pl\/wp-content\/uploads\/e_FE-779.pdf\" target=\"_blank\" rel=\"noopener\">FE779<\/a><\/td>\n<td><\/td>\n<td><\/td>\n<\/tr>\n<tr>\n<td>Ok\u0142adziny element\u00f3w transportowych<\/td>\n<td><\/td>\n<td><a title=\"CF260\" href=\"\/pl\/wp-content\/uploads\/e_CF-260.pdf\" target=\"_blank\" rel=\"noopener\">CF260<\/a>, <a title=\"CF260Q\" href=\"\/pl\/wp-content\/uploads\/e_CF-260-Q.pdf\" target=\"_blank\" rel=\"noopener\">CF260Q<\/a><\/td>\n<td><\/td>\n<\/tr>\n<tr>\n<td>P\u0142yty odstawcze<\/td>\n<td><a title=\"FE519\" href=\"\/pl\/wp-content\/uploads\/e_FE-519.pdf\" target=\"_blank\" rel=\"noopener\">FE519<\/a>, <a title=\"FH429\" href=\"\/pl\/wp-content\/uploads\/e_FH-429.pdf\" target=\"_blank\" rel=\"noopener\">FH429<\/a><\/td>\n<td><\/td>\n<td><\/td>\n<\/tr>\n<tr>\n<td>Zgarniacze<\/td>\n<td><\/td>\n<td><a title=\"CF260\" href=\"\/pl\/wp-content\/uploads\/e_CF-260.pdf\" target=\"_blank\" rel=\"noopener\">CF260<\/a>, <a title=\"CF260Q\" href=\"\/pl\/wp-content\/uploads\/e_CF-260-Q.pdf\" target=\"_blank\" rel=\"noopener\">CF260Q<\/a><\/td>\n<td><\/td>\n<\/tr>\n<tr>\n<td>Listwy prowadz\u0105ce<\/td>\n<td><\/td>\n<td><a title=\"CF260\" href=\"\/pl\/wp-content\/uploads\/e_CF-260.pdf\" target=\"_blank\" rel=\"noopener\">CF260<\/a>, <a title=\"CF260Q\" href=\"\/pl\/wp-content\/uploads\/e_CF-260-Q.pdf\" target=\"_blank\" rel=\"noopener\">CF260Q<\/a><\/td>\n<td><\/td>\n<\/tr>\n<tr>\n<td>Tr\u00f3jk\u0105tne wk\u0142adki listwy wpychaj\u0105cej<\/td>\n<td><\/td>\n<td><a title=\"CF260Q\" href=\"\/pl\/wp-content\/uploads\/e_CF-260-Q.pdf\" target=\"_blank\" rel=\"noopener\">CF260Q<\/a>, <a title=\"CF264Q\" href=\"\/pl\/wp-content\/uploads\/e_CF-264-Q.pdf\" target=\"_blank\" rel=\"noopener\">CF264Q<\/a><\/td>\n<td><\/td>\n<\/tr>\n<tr>\n<td colspan=\"4\"><strong>Szk\u0142o rurowe<\/strong><\/td>\n<\/tr>\n<tr>\n<td>Bloki prowadz\u0105ce<\/td>\n<td><a title=\"FH42\" href=\"\/pl\/wp-content\/uploads\/e_FH-42.pdf\" target=\"_blank\" rel=\"noopener\">FH42<\/a>, <a title=\"FE519\" href=\"\/pl\/wp-content\/uploads\/e_FE-519.pdf\" target=\"_blank\" rel=\"noopener\">FE519<\/a><\/td>\n<td><\/td>\n<td><\/td>\n<\/tr>\n<tr>\n<td>Trzpienie<\/td>\n<td><a title=\"FH421\" href=\"\/pl\/wp-content\/uploads\/e_FH-421.pdf\" target=\"_blank\" rel=\"noopener\">FH421<\/a><\/td>\n<td><\/td>\n<td><\/td>\n<\/tr>\n<tr>\n<td>Rolki<\/td>\n<td><a title=\"FH42\" href=\"\/pl\/wp-content\/uploads\/e_FH-42.pdf\" target=\"_blank\" rel=\"noopener\">FH42<\/a>, <a title=\"FE519\" href=\"\/pl\/wp-content\/uploads\/e_FE-519.pdf\" target=\"_blank\" rel=\"noopener\">FE519<\/a>, <a title=\"FE779\" href=\"\/pl\/wp-content\/uploads\/e_FE-779.pdf\" target=\"_blank\" rel=\"noopener\">FE779<\/a><\/td>\n<td><\/td>\n<td><\/td>\n<\/tr>\n<tr>\n<td colspan=\"4\"><strong>Szk\u0142o farmaceutyczne<\/strong><\/td>\n<\/tr>\n<tr>\n<td>Trzpienie formuj\u0105ce<\/td>\n<td><a title=\"FE779\" href=\"\/pl\/wp-content\/uploads\/e_FE-779.pdf\" target=\"_blank\" rel=\"noopener\">FE779<\/a><\/td>\n<td><\/td>\n<td><\/td>\n<\/tr>\n<tr>\n<td>Trzpienie<\/td>\n<td><a title=\"FH421\" href=\"\/pl\/wp-content\/uploads\/e_FH-421.pdf\" target=\"_blank\" rel=\"noopener\">FH421<\/a><\/td>\n<td><\/td>\n<td><\/td>\n<\/tr>\n<tr>\n<td colspan=\"4\"><strong>Szk\u0142o gospodarcze<\/strong><\/td>\n<\/tr>\n<tr>\n<td>Formy<\/td>\n<td><a title=\"FU4960\" href=\"\/pl\/wp-content\/uploads\/e_FU-4960.pdf\" target=\"_blank\" rel=\"noopener\">FU4960<\/a><\/td>\n<td><\/td>\n<td><\/td>\n<\/tr>\n<\/tbody>\n<\/table>\n<p>QC* = quick change, FL** = floatin[\/vc_column_text][\/vc_column][\/vc_row]<\/p>\n<\/div>","protected":false},"excerpt":{"rendered":"<p>[vc_row][vc_column][vc_single_image image=&#8221;5939&#8243; img_size=&#8221;full&#8221; alignment=&#8221;center&#8221;][vc_custom_heading text=&#8221;Opakowania Szklane&#8221; font_container=&#8221;tag:h1|text_align:left&#8221; use_theme_fonts=&#8221;yes&#8221;][\/vc_column][\/vc_row][vc_row][vc_column][vc_tta_accordion c_icon=&#8221;chevron&#8221; active_section=&#8221;56&#8243; collapsible_all=&#8221;true&#8221;][vc_tta_section title=&#8221;Ka\u017cdy etap wysokotemperaturowych proces\u00f3w produkcji opakowa\u0144 szklanych &#8221; tab_id=&#8221;1523896332494-7bfc63a1-415c&#8221;][vc_column_text]Ka\u017cdy etap wysokotemperaturowych proces\u00f3w produkcji opakowa\u0144 szklanych: formowanie, prowadzenie, przenoszenie produkt\u00f3w wymaga kontaktu z elementami wykonanymi z innych materia\u0142\u00f3w. Funkcjonowanie i w\u0142asno\u015bci materia\u0142\u00f3w wykorzystanych na te elementy s\u0105 kluczowe dla efektywnego, bezproblemowego procesu produkcyjnego oraz dla jako\u015bci ko\u0144cowej wyrob\u00f3w. Dlatego produkujemy&#8230;<\/p>\n","protected":false},"author":1,"featured_media":0,"parent":0,"menu_order":0,"comment_status":"open","ping_status":"open","template":"","meta":{"footnotes":""},"_links":{"self":[{"href":"http:\/\/schunk-tokai.pl\/pl\/wp-json\/wp\/v2\/pages\/5788"}],"collection":[{"href":"http:\/\/schunk-tokai.pl\/pl\/wp-json\/wp\/v2\/pages"}],"about":[{"href":"http:\/\/schunk-tokai.pl\/pl\/wp-json\/wp\/v2\/types\/page"}],"author":[{"embeddable":true,"href":"http:\/\/schunk-tokai.pl\/pl\/wp-json\/wp\/v2\/users\/1"}],"replies":[{"embeddable":true,"href":"http:\/\/schunk-tokai.pl\/pl\/wp-json\/wp\/v2\/comments?post=5788"}],"version-history":[{"count":3,"href":"http:\/\/schunk-tokai.pl\/pl\/wp-json\/wp\/v2\/pages\/5788\/revisions"}],"predecessor-version":[{"id":6032,"href":"http:\/\/schunk-tokai.pl\/pl\/wp-json\/wp\/v2\/pages\/5788\/revisions\/6032"}],"wp:attachment":[{"href":"http:\/\/schunk-tokai.pl\/pl\/wp-json\/wp\/v2\/media?parent=5788"}],"curies":[{"name":"wp","href":"https:\/\/api.w.org\/{rel}","templated":true}]}}