{"id":5386,"date":"2016-06-21T10:39:36","date_gmt":"2016-06-21T10:39:36","guid":{"rendered":"http:\/\/schunk-tokai.pl\/pl\/\/?page_id=5386"},"modified":"2016-06-21T10:39:36","modified_gmt":"2016-06-21T10:39:36","slug":"what-is-carbon-composite","status":"publish","type":"page","link":"http:\/\/schunk-tokai.pl\/pl\/support\/what-is-carbon-composite","title":{"rendered":"Czym s\u0105 kompozyty w\u0119glowe?"},"content":{"rendered":"<div class=\"wpb-content-wrapper\"><p>[vc_row][vc_column][vc_single_image image=&#8221;5966&#8243; img_size=&#8221;full&#8221; alignment=&#8221;center&#8221;][vc_custom_heading text=&#8221;Czym s\u0105 kompozyty w\u0119glowe?&#8221; use_theme_fonts=&#8221;yes&#8221;][vc_column_text]<strong>Kompozyty z w\u0142\u00f3knami w\u0119glowymi CFC<\/strong><br \/>\nKompozyty CFC oferuj\u0105 parametry nieosi\u0105galne przez konwencjonalne materia\u0142y, podczas pracy w wysokich temperaturach. Umo\u017cliwia to realizacj\u0119 rozwi\u0105za\u0144, niedost\u0119pnych przy stosowaniu zwyk\u0142ych materia\u0142\u00f3w.<\/p>\n<p><strong>Materia\u0142y CFC &#8211; elementy konstrukcyjne<\/strong><br \/>\nW\u0142asno\u015bci mechaniczne materia\u0142\u00f3w CFC zale\u017c\u0105 do zastosowanych w\u0142\u00f3kien, osnowy kompozytu, architektury w\u0142\u00f3kien i ko\u0144cowej temperatury obr\u00f3bki cieplnej. W przeciwie\u0144stwie do konwencjonalnych materia\u0142\u00f3w ceramicznych i metali, wytrzyma\u0142o\u015b\u0107 i sztywno\u015b\u0107 materia\u0142\u00f3w w\u0119glowych wzrasta o oko\u0142o 15% wraz ze wzrostem temperatury. Przy wysokich temperaturach, elementy CFC s\u0105 uwalniane od napr\u0119\u017ce\u0144 wewn\u0119trznych. Oferowana paleta materia\u0142\u00f3w daje mo\u017cliwo\u015b\u0107 doboru zale\u017cnie od wyst\u0119puj\u0105cych warunk\u00f3w pracy.<\/p>\n<p><strong>Charakterystyka zniszczenia kompozyt\u00f3w CFC<\/strong><br \/>\nW przeciwie\u0144stwie do konwencjonalnych materia\u0142\u00f3w ceramicznych, kompozyty CFC prezentuj\u0105 zachowanie okre\u015blane jako &#8220;pseudoplastyczne&#8221; w przypadku nag\u0142ych obci\u0105\u017ce\u0144 przekraczaj\u0105cych wytrzyma\u0142o\u015b\u0107 materia\u0142u. Zachowanie to nie jest por\u00f3wnywalne z odkszta\u0142ceniem plastycznym materia\u0142\u00f3w metalicznych. Jednak\u017ce, w por\u00f3wnaniu z ceramik\u0105, kompozyty CFC toleruj\u0105 wy\u017csze warto\u015bci si\u0142 niszcz\u0105cych bez ca\u0142kowitego zniszczenia element\u00f3w konstrukcyjnych. W skutek takich obci\u0105\u017ce\u0144 kilka pasm w\u0142\u00f3kien w\u0119glowych p\u0119ka i powoduje efekt wyci\u0105gania w\u0142\u00f3kien. Jest to wska\u017anik wst\u0119pny zniszczenia materia\u0142u. Ca\u0142kowite zniszczenie elementu powstaje w skutek cyklicznych obci\u0105\u017ce\u0144, dopiero po wykorzystaniu pozosta\u0142ej wytrzyma\u0142o\u015bci materia\u0142u. Struktura kompozytowa element\u00f3w z CFC nie wykazuje p\u0119kania kruchego, co pozwala na stosowanie gwo\u017adzi z tego materia\u0142u. Jest to mo\u017cliwe dzi\u0119ki zachowaniu pseudoplastycznemu oraz otwartej porowato\u015bci.<\/p>\n<p><strong>Odporno\u015b\u0107 na szok termiczny<\/strong><br \/>\nPonadprzeci\u0119tna odporno\u015b\u0107 na szok termiczny, w por\u00f3wnaniu do konwencjonalnych materia\u0142\u00f3w ceramicznych i metalowych sprawia, \u017ce kompozyty CFC to unikatowy materia\u0142 do zastosowa\u0144 wysokotemperaturowych. Ze wzgl\u0119du na mikrostruktur\u0119 napr\u0119\u017cenia termiczne s\u0105 bardzo niskie. Elementy kompozytowe maj\u0105 zatem wysok\u0105 odporno\u015b\u0107 na szok termiczny.<\/p>\n<p><strong>W\u0142asno\u015bci kompozyt\u00f3w CFC<\/strong><\/p>\n<ul>\n<li>wysoka tolerancja na uszkodzenia, pseudoplastyczne zachowanie podczas zniszczenia<\/li>\n<li>niska g\u0119sto\u015b\u0107 (1,3 &#8211; 1,8 g \/ cm3)<\/li>\n<li>niski wsp\u00f3\u0142czynnik rozszerzalno\u015bci cieplnej zgodnie z kierunkiem w\u0142\u00f3kien<\/li>\n<li>brak krucho\u015bci w wysokich temperaturach w ci\u0105gu ca\u0142ego okresu u\u017cytkownania<\/li>\n<li>wysoka odporno\u015b\u0107 na szok termiczny<\/li>\n<li>brak napr\u0119\u017ce\u0144 w skutek cyklicznych obci\u0105\u017ce\u0144 termicznych<\/li>\n<li>bardzo dobra odporno\u015b\u0107 na pe\u0142zanie w wysokich temperaturach<\/li>\n<li>stabilno\u015b\u0107 chemiczna<\/li>\n<li>w\u0142asno\u015bci elektryczne i cieplne, zale\u017cnie od kierunku w\u0142\u00f3kien i procesu obr\u00f3bki cieplnej<\/li>\n<li>utlenianie w temperaturach powy\u017cej 350\u00b0C<\/li>\n<li>stosowalno\u015b\u0107 w temperaturach do 2800\u00b0C w pr\u00f3\u017cni lub w gazie oboj\u0119tnym<\/li>\n<li>przewodno\u015b\u0107 elektryczna<\/li>\n<li>anizotropia w\u0142asno\u015bci: wytrzyma\u0142o\u015b\u0107 na zginanie i wytrzyma\u0142o\u015b\u0107 na rozci\u0105ganie, przewodno\u015b\u0107 elektryczna i przewodno\u015b\u0107 cieplna maj\u0105 r\u00f3\u017cne warto\u015bci w zale\u017cno\u015bci od kierunku: r\u00f3wnolegle lub prostopadle do p\u0142aszczyzny przebiegu w\u0142\u00f3kien w\u0119glowych<\/li>\n<li>niska przewodno\u015b\u0107 cieplna<\/li>\n<\/ul>\n<p>[\/vc_column_text][\/vc_column][\/vc_row][vc_row][vc_column][vc_single_image image=&#8221;5493&#8243; img_size=&#8221;400 x 283&#8243; alignment=&#8221;center&#8221; onclick=&#8221;link_image&#8221;][\/vc_column][\/vc_row]<\/p>\n<\/div>","protected":false},"excerpt":{"rendered":"<p>[vc_row][vc_column][vc_single_image image=&#8221;5966&#8243; img_size=&#8221;full&#8221; alignment=&#8221;center&#8221;][vc_custom_heading text=&#8221;Czym s\u0105 kompozyty w\u0119glowe?&#8221; use_theme_fonts=&#8221;yes&#8221;][vc_column_text]Kompozyty z w\u0142\u00f3knami w\u0119glowymi CFC Kompozyty CFC oferuj\u0105 parametry nieosi\u0105galne przez konwencjonalne materia\u0142y, podczas pracy w wysokich temperaturach. Umo\u017cliwia to realizacj\u0119 rozwi\u0105za\u0144, niedost\u0119pnych przy stosowaniu zwyk\u0142ych materia\u0142\u00f3w. Materia\u0142y CFC &#8211; elementy konstrukcyjne W\u0142asno\u015bci mechaniczne materia\u0142\u00f3w CFC zale\u017c\u0105 do zastosowanych w\u0142\u00f3kien, osnowy kompozytu, architektury w\u0142\u00f3kien i ko\u0144cowej temperatury obr\u00f3bki cieplnej. W przeciwie\u0144stwie do&#8230;<\/p>\n","protected":false},"author":1,"featured_media":0,"parent":957,"menu_order":0,"comment_status":"open","ping_status":"closed","template":"","meta":{"footnotes":""},"_links":{"self":[{"href":"http:\/\/schunk-tokai.pl\/pl\/wp-json\/wp\/v2\/pages\/5386"}],"collection":[{"href":"http:\/\/schunk-tokai.pl\/pl\/wp-json\/wp\/v2\/pages"}],"about":[{"href":"http:\/\/schunk-tokai.pl\/pl\/wp-json\/wp\/v2\/types\/page"}],"author":[{"embeddable":true,"href":"http:\/\/schunk-tokai.pl\/pl\/wp-json\/wp\/v2\/users\/1"}],"replies":[{"embeddable":true,"href":"http:\/\/schunk-tokai.pl\/pl\/wp-json\/wp\/v2\/comments?post=5386"}],"version-history":[{"count":0,"href":"http:\/\/schunk-tokai.pl\/pl\/wp-json\/wp\/v2\/pages\/5386\/revisions"}],"up":[{"embeddable":true,"href":"http:\/\/schunk-tokai.pl\/pl\/wp-json\/wp\/v2\/pages\/957"}],"wp:attachment":[{"href":"http:\/\/schunk-tokai.pl\/pl\/wp-json\/wp\/v2\/media?parent=5386"}],"curies":[{"name":"wp","href":"https:\/\/api.w.org\/{rel}","templated":true}]}}