{"id":5362,"date":"2016-06-21T09:59:20","date_gmt":"2016-06-21T09:59:20","guid":{"rendered":"http:\/\/schunk-tokai.pl\/pl\/\/?page_id=5362"},"modified":"2018-05-30T12:28:58","modified_gmt":"2018-05-30T12:28:58","slug":"insulation-datasheet-download","status":"publish","type":"page","link":"http:\/\/schunk-tokai.pl\/pl\/insulation-datasheet-download","title":{"rendered":"Pobierz karty materia\u0142\u00f3w izolacyjnych"},"content":{"rendered":"<div class=\"wpb-content-wrapper\"><p>[vc_row][vc_column][vc_custom_heading text=&#8221;Pobierz karty materia\u0142\u00f3w izolacyjnych&#8221; use_theme_fonts=&#8221;yes&#8221;][vc_column_text]<\/p>\n<table border=\"1\">\n<tbody>\n<tr>\n<td>filc mi\u0119kki w rolkach<\/td>\n<td>arkusze filcu grafitowego<\/td>\n<\/tr>\n<tr>\n<td><a href=\"\/pl\/wp-content\/uploads\/e_GF.pdf\" target=\"_blank\" rel=\"noopener\">GF<\/a><\/td>\n<td><a href=\"\/pl\/wp-content\/uploads\/e_FU-4561.pdf\" target=\"_blank\" rel=\"noopener\">InsuTherm\u00ae (FU4561)<\/a><\/p>\n<p><a href=\"\/pl\/wp-content\/uploads\/e_FU-2914.pdf\" target=\"_blank\" rel=\"noopener\">MechTherm\u00ae (FU2914)<\/a><\/td>\n<\/tr>\n<\/tbody>\n<\/table>\n<p>[\/vc_column_text][\/vc_column][\/vc_row]<\/p>\n<\/div>","protected":false},"excerpt":{"rendered":"<p>[vc_row][vc_column][vc_custom_heading text=&#8221;Pobierz karty materia\u0142\u00f3w izolacyjnych&#8221; use_theme_fonts=&#8221;yes&#8221;][vc_column_text] filc mi\u0119kki w rolkach arkusze filcu grafitowego GF InsuTherm\u00ae (FU4561) MechTherm\u00ae (FU2914) [\/vc_column_text][\/vc_column][\/vc_row]<\/p>\n","protected":false},"author":1,"featured_media":0,"parent":0,"menu_order":0,"comment_status":"open","ping_status":"open","template":"","meta":{"footnotes":""},"_links":{"self":[{"href":"http:\/\/schunk-tokai.pl\/pl\/wp-json\/wp\/v2\/pages\/5362"}],"collection":[{"href":"http:\/\/schunk-tokai.pl\/pl\/wp-json\/wp\/v2\/pages"}],"about":[{"href":"http:\/\/schunk-tokai.pl\/pl\/wp-json\/wp\/v2\/types\/page"}],"author":[{"embeddable":true,"href":"http:\/\/schunk-tokai.pl\/pl\/wp-json\/wp\/v2\/users\/1"}],"replies":[{"embeddable":true,"href":"http:\/\/schunk-tokai.pl\/pl\/wp-json\/wp\/v2\/comments?post=5362"}],"version-history":[{"count":1,"href":"http:\/\/schunk-tokai.pl\/pl\/wp-json\/wp\/v2\/pages\/5362\/revisions"}],"predecessor-version":[{"id":6053,"href":"http:\/\/schunk-tokai.pl\/pl\/wp-json\/wp\/v2\/pages\/5362\/revisions\/6053"}],"wp:attachment":[{"href":"http:\/\/schunk-tokai.pl\/pl\/wp-json\/wp\/v2\/media?parent=5362"}],"curies":[{"name":"wp","href":"https:\/\/api.w.org\/{rel}","templated":true}]}}