{"id":511,"date":"2011-06-24T12:33:01","date_gmt":"2011-06-24T12:33:01","guid":{"rendered":"http:\/\/beta.cms-login.co.uk\/TCE\/?page_id=511"},"modified":"2018-05-30T12:09:54","modified_gmt":"2018-05-30T12:09:54","slug":"heat-treatment","status":"publish","type":"page","link":"http:\/\/schunk-tokai.pl\/pl\/heat-treatment","title":{"rendered":"Obr\u00f3bka Cieplna"},"content":{"rendered":"<div class=\"wpb-content-wrapper\"><p>[vc_row][vc_column][vc_single_image image=&#8221;5947&#8243; img_size=&#8221;full&#8221; alignment=&#8221;center&#8221;][vc_custom_heading text=&#8221;Obr\u00f3bka Cieplna&#8221; font_container=&#8221;tag:h1|text_align:left&#8221; use_theme_fonts=&#8221;yes&#8221;][\/vc_column][\/vc_row][vc_row][vc_column][vc_tta_accordion active_section=&#8221;67&#8243; collapsible_all=&#8221;true&#8221;][vc_tta_section title=&#8221;Przer\u00f3\u017cne ga\u0142\u0119zie przemys\u0142u stosuj\u0105 obr\u00f3bk\u0119 ciepln\u0105 w swoim cyklu produkcyjnym&#8221; tab_id=&#8221;1523899810846-1920b7ca-11f2&#8243;][vc_column_text]<\/p>\n<div class=\"togglecontainer toggle_close_all \">\n<div class=\"toggle_wrap\">\n<div class=\"toggle_content\">\n<p>Przer\u00f3\u017cne ga\u0142\u0119zie przemys\u0142u stosuj\u0105 obr\u00f3bk\u0119 ciepln\u0105 w swoim cyklu produkcyjnym. Wiele z tych proces\u00f3w opiera si\u0119 na piecach elektrycznych, st\u0105d zapotrzebowanie na materia\u0142y o wysokiej stabilno\u015bci temperaturowej i zdolno\u015bci do pracy w polu elektrycznym. Musz\u0105 one by\u0107 tak\u017ce odporne na agresywne media, szok termiczny oraz powinny by\u0107 chemicznie czyste, aby unikn\u0105\u0107 wprowadzania anieczyszcze\u0144 do materia\u0142u poddawanego obr\u00f3bce. Wykorzystanie podzespo\u0142\u00f3w w\u0119glowych oferuje u\u017cytkownikom mo\u017cliwo\u015b\u0107 pracy w temperaturach nieosi\u0105galnych dla element\u00f3w metalowych b\u0105d\u017a ceramicznych. Te zwykle nie s\u0105 stosowanie w temperaturach powy\u017cej 2000\u00b0C, podczas gdy grafit mo\u017ce pracowa\u0107 w temperaturach do 3000\u00b0C<\/p>\n<p>W\u0142a\u015bciwo\u015bci grafitu i kompozyt\u00f3w CFC (w\u0119giel wzmacniany w\u0142\u00f3knami w\u0119glowymi) czyni\u0105 z nich idealne materia\u0142y do pracy w piecach do obr\u00f3bki cieplnej, tak\u017ce w pr\u00f3\u017cni i atmosferze oboj\u0119tnej. Grafit daje si\u0119 \u0142atwo obrobi\u0107, dzi\u0119ki czemu mog\u0105 by\u0107 wyprodukowane dopasowane do kszta\u0142tu komory, skomplikowane kszta\u0142ty. Kompozyty w\u0119glowe CFC firmy Schunk maj\u0105 bardzo wysoki stosunek wytrzyma\u0142o\u015bci do wagi, dzi\u0119ki czemu s\u0105 odpowiednie do wielu aplikacji takich jak oprzyrz\u0105dowanie do obr\u00f3bki cieplnej, elementy konstrukcyjne i elementy grzewcze. Materia\u0142 ten ma doskona\u0142e parametry w zakresie odporno\u015bci na szok termiczny i odporno\u015bci chemicznej. Jednocze\u015bnie zachowuje niski wsp\u00f3\u0142czynnik rozszerzalno\u015bci cieplnej i wysok\u0105 czysto\u015b\u0107.<\/p>\n<p>Ze wzgl\u0119du na nisk\u0105 przewodno\u015b\u0107 ciepln\u0105 i wysok\u0105 zdolno\u015b\u0107 emisyjno\u015b\u0107, filc grafitowy firmy Schunk jest szczeg\u00f3lnie wart polecenia jako materia\u0142 izolacyjny. Zapewnia doskona\u0142\u0105 odporno\u015b\u0107 chemiczn\u0105 i wyd\u0142u\u017con\u0105 \u017cywotno\u015b\u0107 ze wzgl\u0119du na brak zanieczyszcze\u0144. Filc grafitowy mi\u0119kki charakteryzuje si\u0119 elastyczno\u015bci\u0105 i \u0142atwo\u015bci\u0105 obr\u00f3bki. Filc grafitowy w arkuszach, to materia\u0142 izolacyjny z du\u017c\u0105 stabilno\u015bci\u0105 wymiar\u00f3w.<\/p>\n<\/div>\n<\/div>\n<\/div>\n<p>[\/vc_column_text][\/vc_tta_section][\/vc_tta_accordion][\/vc_column][\/vc_row][vc_row][vc_column][vc_column_text]Zalecane materia\u0142y i gatunki s\u0105 przedstawione w poni\u017cszej tabeli.<br \/>\nAby pobra\u0107 nasz katalog w wersji elektronicznej kliknij <a title=\"tutaj\" href=\"http:\/\/schunk-tokai.ventutec.website\/pl\/wp-content\/uploads\/20.03e_Heat-Treatment_2015.pdf\" target=\"_blank\" rel=\"noopener\">tutaj<\/a><\/p>\n<table border=\"1\" width=\"400\">\n<tbody>\n<tr>\n<td><strong>Aplikacja<\/strong><\/td>\n<td><strong>Grafit ekstrudowany\/formowany<\/strong><\/td>\n<td><strong>Grafit Izostatyczny<\/strong><\/td>\n<td><strong>Kompozyty w\u0119glowe CFC i inne materia\u0142y<\/strong><\/td>\n<\/tr>\n<tr>\n<td colspan=\"4\"><strong>Piece pr\u00f3\u017cniowe<\/strong><\/td>\n<\/tr>\n<tr>\n<td>Elementy grzejne<\/td>\n<td><a href=\"\/pl\/ee-fe250\">FE250<\/a><\/td>\n<td><a title=\"G330\" href=\"g330\">G330<\/a><\/td>\n<td><a title=\"CF222\" href=\"\/pl\/wp-content\/uploads\/e_CF-222.pdf\" target=\"_blank\" rel=\"noopener\">CF222<\/a>, <a title=\"CF226\" href=\"\/pl\/wp-content\/uploads\/e_CF-226.pdf\" target=\"_blank\" rel=\"noopener\">CF226<\/a><\/td>\n<\/tr>\n<tr>\n<td>Elementy konstrukcyjne<\/td>\n<td><a title=\"EE FE250\" href=\"ee-fe250\">FE250<\/a><\/td>\n<td><a title=\"G347\" href=\"g347\">G347<\/a><\/td>\n<td><a title=\"CF222\" href=\"\/pl\/wp-content\/uploads\/e_CF-222.pdf\" target=\"_blank\" rel=\"noopener\">CF222<\/a>, <a title=\"CF226\" href=\"\/pl\/wp-content\/uploads\/e_CF-226.pdf\" target=\"_blank\" rel=\"noopener\">CF226<\/a>, <a title=\"CF227\" href=\"\/e pl n\/wp-content\/uploads\/e_CF-227.pdf\" target=\"_blank\" rel=\"noopener\">CF227<\/a><\/td>\n<\/tr>\n<tr>\n<td>System UniGrid\u00ae<\/td>\n<td colspan=\"3\"><a title=\"Unigrid movie\" href=\"https:\/\/www.youtube.com\/watch?v=1rblmVZvRYQ\" target=\"https:\/\/www.youtube.com\/watch?v=1rblmVZvRYQ\"><span style=\"color: blue;\">Film z prezentacj\u0105 dost\u0119pny tutaj<\/span><\/a><br \/>\n<a title=\"UniGrid\u00ae - katalog po polsku\" href=\"http:\/\/schunk-tokai.pl\/pl\/wp-content\/uploads\/20.03e_Heat-Treatment_2015.pdf\" target=\"_blank\" rel=\"noopener\"><span style=\"color: blue;\">Aby pobra\u0107 katalog UniGrid\u00ae kliknij tutaj<\/span><\/a><\/td>\n<\/tr>\n<tr>\n<td>Podpory<\/td>\n<td><a title=\"EE FE250\" href=\"ee-fe250\">FE250<\/a><\/td>\n<td><\/td>\n<td><a title=\"CF226\/2\" href=\"\/pl\/wp-content\/uploads\/e_CF-226_2.pdf\" target=\"_blank\" rel=\"noopener\">CF226\/2<\/a>, <a title=\"CF227\/2\" href=\"\/pl\/wp-content\/uploads\/e_CF-227_2.pdf\" target=\"_blank\" rel=\"noopener\">CF227\/2<\/a><\/td>\n<\/tr>\n<tr>\n<td>\u015aruby i nakr\u0119tki<\/td>\n<td><a title=\"EE FE250\" href=\"ee-fe250\">FE250<\/a><\/td>\n<td><\/td>\n<td><a title=\"CF222\" href=\"\/pl\/wp-content\/uploads\/e_CF-222.pdf\" target=\"_blank\" rel=\"noopener\">CF222<\/a>, <a title=\"CF260\" href=\"\/pl\/wp-content\/uploads\/e_CF-260.pdf\" target=\"_blank\" rel=\"noopener\">CF260<\/a><\/td>\n<\/tr>\n<tr>\n<td>Oprzyrz\u0105dowanie<\/td>\n<td><a title=\"EE FE250\" href=\"ee-fe250\">FE250<\/a><\/td>\n<td><\/td>\n<td><a title=\"CF222\" href=\"\/pl\/wp-content\/uploads\/e_CF-222.pdf\" target=\"_blank\" rel=\"noopener\">CF222<\/a>, <a title=\"CF226\" href=\"\/pl\/wp-content\/uploads\/e_CF-226.pdf\" target=\"_blank\" rel=\"noopener\">CF226<\/a>, <a title=\"CF227\" href=\"\/pl\/wp-content\/uploads\/e_CF-227.pdf\" target=\"_blank\" rel=\"noopener\">CF227<\/a><\/td>\n<\/tr>\n<tr>\n<td>Tygle prostok\u0105tne &#8220;\u0142\u00f3dki&#8221;<\/td>\n<td><a title=\"EE FE250\" href=\"ee-fe250\">FE250<\/a><\/td>\n<td><a title=\"G330\" href=\"g330\">G330<\/a><\/td>\n<td><\/td>\n<\/tr>\n<tr>\n<td>Tace do spiekania<\/td>\n<td><a title=\"EE FE250\" href=\"ee-fe250\">FE250<\/a><\/td>\n<td><a title=\"G347 Graphite\" href=\"g347\">G347<\/a><\/td>\n<td><a title=\"CF226\" href=\"\/pl\/wp-content\/uploads\/e_CF-226.pdf\" target=\"_blank\" rel=\"noopener\">CF226<\/a>, <a title=\"CF227\" href=\"\/pl\/wp-content\/uploads\/e_CF-227.pdf\" target=\"_blank\" rel=\"noopener\">CF227<\/a><\/td>\n<\/tr>\n<tr>\n<td>Tygle<\/td>\n<td><a title=\"G140\" href=\"g140\">G140<\/a><\/td>\n<td><a title=\"G348\" href=\"g348\">G348<\/a><\/td>\n<td><\/td>\n<\/tr>\n<tr>\n<td>Tygle o du\u017cych rozmiarach<\/td>\n<td><a title=\"G140 Graphite\" href=\"g140\">G140<\/a><\/td>\n<td><a title=\"G530 Graphite\" href=\"g530\">G530<\/a><\/td>\n<td><\/td>\n<\/tr>\n<tr>\n<td colspan=\"4\"><strong>Izolacje<\/strong><\/td>\n<\/tr>\n<tr>\n<td>Filc grafitowy mi\u0119kki w rolkach<\/td>\n<td><\/td>\n<td><\/td>\n<td><a title=\"GF1\" href=\"\/pl\/wp-content\/uploads\/e_GF.pdf\" target=\"_blank\" rel=\"noopener\">GF1<\/a>, <a title=\"GF2\" href=\"\/pl\/wp-content\/uploads\/e_GF.pdf\" target=\"_blank\" rel=\"noopener\">GF2<\/a><\/td>\n<\/tr>\n<tr>\n<td>Filc grafitowy w arkuszach<\/td>\n<td><\/td>\n<td><\/td>\n<td><a title=\"FU4561\" href=\"\/pl\/wp-content\/uploads\/e_FU-4561.pdf\" target=\"_blank\" rel=\"noopener\">InsuTherm\u00ae (FU4561)<\/a>, <a title=\"FU2914\" href=\"\/pl\/wp-content\/uploads\/e_FU-2914.pdf\" target=\"_blank\" rel=\"noopener\">MechTherm\u00ae (FU2914)<\/a><\/td>\n<\/tr>\n<tr>\n<td>Pokrycie ochronne izolacji<\/td>\n<td><\/td>\n<td><\/td>\n<td>Folia grafitowa, folia CFC<\/td>\n<\/tr>\n<tr>\n<td colspan=\"4\"><strong>Produkcja stali transformatorowej<\/strong><\/td>\n<\/tr>\n<tr>\n<td>Rolki przeno\u015bnika<\/td>\n<td><a title=\"EE FE250\" href=\"ee-fe250\">FE250<\/a>, <a title=\"FE250\" href=\"ee-fe250t\">FE250T<\/a><\/td>\n<td><a title=\"G330\" href=\"g330\">G330<\/a>, <a title=\"G330T\" href=\"\/pl\/g330t-2\/\">G330T<\/a><\/td>\n<td><\/td>\n<\/tr>\n<tr>\n<td colspan=\"4\"><strong>Produkcja kompozyt\u00f3w w\u0119glowych<\/strong><\/td>\n<\/tr>\n<tr>\n<td>Konstrukcja pieca<\/td>\n<td><\/td>\n<td><\/td>\n<td><a title=\"CF226\" href=\"\/pl\/wp-content\/uploads\/e_CF-226.pdf\" target=\"_blank\" rel=\"noopener\">CF226<\/a>, <a title=\"CF227\" href=\"\/pl\/wp-content\/uploads\/e_CF-227.pdf\" target=\"_blank\" rel=\"noopener\">CF227<\/a><\/td>\n<\/tr>\n<tr>\n<td>Elementy grzejne<\/td>\n<td><a title=\"EE FE250\" href=\"ee-fe250\">FE250<\/a><\/td>\n<td><\/td>\n<td><a title=\"CF222\" href=\"\/pl\/wp-content\/uploads\/e_CF-222.pdf\" target=\"_blank\" rel=\"noopener\">CF222<\/a>, <a title=\"CF226\" href=\"\/pl\/wp-content\/uploads\/e_CF-226.pdf\" target=\"_blank\" rel=\"noopener\">CF226<\/a>, <a title=\"CF227\" href=\"\/pl\/wp-content\/uploads\/e_CF-227.pdf\" target=\"_blank\" rel=\"noopener\">CF227<\/a><\/p>\n<p>&nbsp;<\/p>\n<p>&nbsp;<\/td>\n<\/tr>\n<\/tbody>\n<\/table>\n<p>[\/vc_column_text][\/vc_column][\/vc_row]<\/p>\n<\/div>","protected":false},"excerpt":{"rendered":"<p>[vc_row][vc_column][vc_single_image image=&#8221;5947&#8243; img_size=&#8221;full&#8221; alignment=&#8221;center&#8221;][vc_custom_heading text=&#8221;Obr\u00f3bka Cieplna&#8221; font_container=&#8221;tag:h1|text_align:left&#8221; use_theme_fonts=&#8221;yes&#8221;][\/vc_column][\/vc_row][vc_row][vc_column][vc_tta_accordion active_section=&#8221;67&#8243; collapsible_all=&#8221;true&#8221;][vc_tta_section title=&#8221;Przer\u00f3\u017cne ga\u0142\u0119zie przemys\u0142u stosuj\u0105 obr\u00f3bk\u0119 ciepln\u0105 w swoim cyklu produkcyjnym&#8221; tab_id=&#8221;1523899810846-1920b7ca-11f2&#8243;][vc_column_text] Przer\u00f3\u017cne ga\u0142\u0119zie przemys\u0142u stosuj\u0105 obr\u00f3bk\u0119 ciepln\u0105 w swoim cyklu produkcyjnym. Wiele z tych proces\u00f3w opiera si\u0119 na piecach elektrycznych, st\u0105d zapotrzebowanie na materia\u0142y o wysokiej stabilno\u015bci temperaturowej i zdolno\u015bci do pracy w polu elektrycznym. Musz\u0105 one by\u0107 tak\u017ce odporne&#8230;<\/p>\n","protected":false},"author":1,"featured_media":0,"parent":0,"menu_order":0,"comment_status":"open","ping_status":"closed","template":"","meta":{"footnotes":""},"_links":{"self":[{"href":"http:\/\/schunk-tokai.pl\/pl\/wp-json\/wp\/v2\/pages\/511"}],"collection":[{"href":"http:\/\/schunk-tokai.pl\/pl\/wp-json\/wp\/v2\/pages"}],"about":[{"href":"http:\/\/schunk-tokai.pl\/pl\/wp-json\/wp\/v2\/types\/page"}],"author":[{"embeddable":true,"href":"http:\/\/schunk-tokai.pl\/pl\/wp-json\/wp\/v2\/users\/1"}],"replies":[{"embeddable":true,"href":"http:\/\/schunk-tokai.pl\/pl\/wp-json\/wp\/v2\/comments?post=511"}],"version-history":[{"count":2,"href":"http:\/\/schunk-tokai.pl\/pl\/wp-json\/wp\/v2\/pages\/511\/revisions"}],"predecessor-version":[{"id":6036,"href":"http:\/\/schunk-tokai.pl\/pl\/wp-json\/wp\/v2\/pages\/511\/revisions\/6036"}],"wp:attachment":[{"href":"http:\/\/schunk-tokai.pl\/pl\/wp-json\/wp\/v2\/media?parent=511"}],"curies":[{"name":"wp","href":"https:\/\/api.w.org\/{rel}","templated":true}]}}