{"id":507,"date":"2011-06-24T12:32:37","date_gmt":"2011-06-24T12:32:37","guid":{"rendered":"http:\/\/beta.cms-login.co.uk\/TCE\/?page_id=507"},"modified":"2018-05-30T12:12:58","modified_gmt":"2018-05-30T12:12:58","slug":"edm","status":"publish","type":"page","link":"http:\/\/schunk-tokai.pl\/pl\/edm","title":{"rendered":"Grafit EDM"},"content":{"rendered":"<div class=\"wpb-content-wrapper\"><p>[vc_row][vc_column][vc_column_text]<\/p>\n<div>\n<p>[\/vc_column_text][\/vc_column][\/vc_row][vc_row][vc_column][vc_single_image image=&#8221;5949&#8243; img_size=&#8221;full&#8221; alignment=&#8221;center&#8221;][vc_custom_heading text=&#8221;Grafit EDM&#8221; font_container=&#8221;tag:h1|text_align:left&#8221; use_theme_fonts=&#8221;yes&#8221;][\/vc_column][\/vc_row][vc_row][vc_column][vc_tta_accordion c_icon=&#8221;chevron&#8221; active_section=&#8221;78&#8243; collapsible_all=&#8221;true&#8221;][vc_tta_section title=&#8221;Firma Tokai wprowadzi\u0142a grafitowe materia\u0142y izostatyczne&#8221; tab_id=&#8221;1523900317427-8ccd57e6-bd3d&#8221;][vc_column_text]Firma Tokai wprowadzi\u0142a grafitowe materia\u0142y izostatyczne na pocz\u0105tku lat 80 ubieg\u0142ego wieku. Skr\u00f3t \u201cHK\u201d pochodzi od japo\u0144skiego terminu \u201cHoden Kako\u201d, co oznacza obr\u00f3bk\u0119 elektroerozyjn\u0105. Szybko stali\u015bmy si\u0119 jednym z wiod\u0105cych dostawc\u00f3w grafitu izostatycznego EDM na \u015bwiece. Poprzez rozw\u00f3j technologii, Tokai jest liderem w tworzeniu nowych innowacyjnych materia\u0142\u00f3w. Dzi\u0119ki temu mo\u017cliwe jest coraz szersze stosowanie grafitu na elektrody do dr\u0105\u017cenia wg\u0142\u0119bnego. Naszym celem jest rozw\u00f3j nowych materia\u0142\u00f3w, mog\u0105cych sprosta\u0107 rosn\u0105cym wymaganiom gatunk\u00f3w stali narz\u0119dziowych i materia\u0142\u00f3w egzotycznych. Nie ustajemy w wysi\u0142kach przy zwi\u0119kszaniu efektywno\u015bci proces\u00f3w dr\u0105\u017cenia wg\u0142\u0119bnego poprzez, wprowadzanie do produkcji nowych materia\u0142\u00f3w. Potwierdzili to ju\u017c wiod\u0105cy producenci form wtryskowych na ca\u0142ym \u015bwiecie. Dowodzimy, \u017ce nie ka\u017cdy grafit reprezentuje t\u0105 sam\u0105 jako\u015b\u0107 \u2013 pomimo i\u017c wygl\u0105da podobnie. Paleta gatunk\u00f3w grafit\u00f3w EDM oferuje r\u00f3\u017cne mo\u017cliwo\u015bci \u2013 w zale\u017cno\u015bci od wymaga\u0144 klienta: du\u017ce pr\u0119dko\u015bci dr\u0105\u017cenia + ma\u0142y stopie\u0144 zu\u017cycia, zapewnienie sta\u0142ej jako\u015bci powierzchni, szerokie spektrum gatunk\u00f3w daj\u0105ce redukcj\u0119 koszt\u00f3w procesu EDM. Wsparcie techniczne dla u\u017cytkownik\u00f3w naszych grafit\u00f3w, zapewnia optymalizacj\u0119 rezultat\u00f3w dr\u0105\u017cenia wg\u0142\u0119bnego (skr\u00f3cenie czas\u00f3w produkcji, wyd\u0142u\u017cenie \u017cywotno\u015bci elektrod lub inne wymagane parametry).<\/p>\n<p>Firma Tokai Carbon Europe Ltd dokona\u0142a inwestycji w najnowsze technologie, pozwalaj\u0105ce produkowa\u0107 gotowe elektrody EDM i inne komponenty z grafitu i kompozyt\u00f3w w\u0119glowych. Nasza wizja to by\u0107 innowacyjnym, niezr\u00f3wnanym w jako\u015bci dostawc\u0105, w zakresie obr\u00f3bki mechanicznej oraz rozwijania naszych materia\u0142\u00f3w jak i gotowych wyrob\u00f3w.[\/vc_column_text][\/vc_tta_section][\/vc_tta_accordion][\/vc_column][\/vc_row][vc_row][vc_column][vc_column_text]Tabela prezentuj\u0105ca jako\u015b\u0107 powierzchni VDI, mo\u017cliw\u0105 do uzyskania naszymi materia\u0142ami grafitowymi dost\u0119pna na: <a title=\"VDI Comparison Chart\" href=\"\/pl\/wp-content\/uploads\/Copy-of-Copy-of-VDI-Comparison-Chart.pdf\" target=\"_blank\" rel=\"noopener\">VDI Comparison Chart<\/a>.<\/p>\n<p>Materia\u0142y i gatunki polecane do stosowania na elektrody EDM podano w tabeli poni\u017cej.<br \/>\nBroszura z gatunkami grafitu dost\u0119pna do pobrania w wersji <a title=\"angielskiej\" href=\"\/pl\/wp-content\/uploads\/edm_Tokai_2017_ENG.pdf\" target=\"_blank\" rel=\"noopener\">angielskiej<\/a> b\u0105d\u017a <a title=\"polskiej\" href=\"\/pl\/wp-content\/uploads\/edm_Tokai_2017_POL.pdf\" target=\"_blank\" rel=\"noopener\">polskiej<\/a><\/p>\n<table border=\"1\" width=\"100%\">\n<tbody>\n<tr>\n<td><strong>Gatunek materia\u0142u<\/strong><\/td>\n<td><strong>\u015arednia g\u0119sto\u015b\u0107 (g\/cm<sup>3<\/sup>)<\/strong><\/td>\n<td><strong>Rezystywno\u015b\u0107 (\u00b5\u03a9m)<\/strong><\/td>\n<td><strong>Wytrzyma\u0142o\u015b\u0107 na zginanie (MPa)<\/strong><\/td>\n<td><strong>Twardo\u015b\u0107 (Shore)<\/strong><\/td>\n<td><strong>\u015arednia wielko\u015b\u0107 ziarna (\u00b5m)<\/strong><\/td>\n<\/tr>\n<tr>\n<td><a title=\"HK-0\" href=\"http:\/\/schunk-tokai.pl\/pl\/wp-content\/uploads\/New-HK-0.pdf\" target=\"_blank\" rel=\"noopener\">HK-0<\/a><\/td>\n<td>1.8<\/td>\n<td>12<\/td>\n<td>39<\/td>\n<td>56<\/td>\n<td>13<\/td>\n<\/tr>\n<tr>\n<td><a title=\"HK-1\" href=\"http:\/\/schunk-tokai.pl\/pl\/wp-content\/uploads\/New-HK-1.pdf\" target=\"_blank\" rel=\"noopener\">HK-1<\/a><\/td>\n<td>1.85<\/td>\n<td>11<\/td>\n<td>50<\/td>\n<td>58<\/td>\n<td>11<\/td>\n<\/tr>\n<tr>\n<td><a title=\"HK-10\" href=\"http:\/\/schunk-tokai.pl\/pl\/wp-content\/uploads\/New-HK-10.pdf\" target=\"_blank\" rel=\"noopener\">HK-10<\/a><\/td>\n<td>1.84<\/td>\n<td>12<\/td>\n<td>52<\/td>\n<td>54<\/td>\n<td>9<\/td>\n<\/tr>\n<tr>\n<td><a title=\"HK-15\" href=\"http:\/\/schunk-tokai.pl\/pl\/wp-content\/uploads\/New-HK-15.pdf\" target=\"_blank\" rel=\"noopener\">HK-15<\/a><\/td>\n<td>1.83<\/td>\n<td>12.5<\/td>\n<td>54<\/td>\n<td>62<\/td>\n<td>7<\/td>\n<\/tr>\n<tr>\n<td><a title=\"HK-20\" href=\"http:\/\/schunk-tokai.pl\/pl\/wp-content\/uploads\/New-HK-20.pdf\" target=\"_blank\" rel=\"noopener\">HK-20<\/a><\/td>\n<td>1.86<\/td>\n<td>12<\/td>\n<td>66<\/td>\n<td>60<\/td>\n<td>6<\/td>\n<\/tr>\n<tr>\n<td><a title=\"HK-2\" href=\"http:\/\/schunk-tokai.ventutec.website\/pl\/wp-content\/uploads\/2014\/07\/New-HK-2.1.pdf\" target=\"_blank\" rel=\"noopener\">HK-2<\/a><\/td>\n<td>1.82<\/td>\n<td>13.5<\/td>\n<td>64<\/td>\n<td>64<\/td>\n<td>7<\/td>\n<\/tr>\n<tr>\n<td><a title=\"HK-75\" href=\"http:\/\/schunk-tokai.pl\/pl\/wp-content\/uploads\/New-HK-75.pdf\" target=\"_blank\" rel=\"noopener\">HK-75<\/a><\/td>\n<td>1.82<\/td>\n<td>16.5<\/td>\n<td>66<\/td>\n<td>72<\/td>\n<td>4<\/td>\n<\/tr>\n<tr>\n<td><a title=\"HK-3\" href=\"http:\/\/schunk-tokai.pl\/pl\/wp-content\/uploads\/New-HK-3.pdf\" target=\"_blank\" rel=\"noopener\">HK-3<\/a><\/td>\n<td>1.84<\/td>\n<td>15.5<\/td>\n<td>88<\/td>\n<td>78<\/td>\n<td>2<\/td>\n<\/tr>\n<tr>\n<td><a title=\"HK-6\" href=\"http:\/\/schunk-tokai.pl\/pl\/wp-content\/uploads\/New-HK-6.pdf\" target=\"_blank\" rel=\"noopener\">HK-6<\/a><\/td>\n<td>1.86<\/td>\n<td>12<\/td>\n<td>85<\/td>\n<td>68<\/td>\n<td>3<\/td>\n<\/tr>\n<tr>\n<td>HK-2C<\/td>\n<td>2.79<\/td>\n<td>2.3<\/td>\n<td>77<\/td>\n<td>67<\/td>\n<td>7<\/td>\n<\/tr>\n<tr>\n<td>HK-6C<\/td>\n<td>2.68<\/td>\n<td>3.1<\/td>\n<td>110<\/td>\n<td>70<\/td>\n<td>3<\/td>\n<\/tr>\n<\/tbody>\n<\/table>\n<p>[\/vc_column_text][\/vc_column][\/vc_row][vc_row][vc_column][vc_column_text]<\/p>\n<\/div>\n<p>[\/vc_column_text][\/vc_column][\/vc_row]<\/p>\n<\/div>","protected":false},"excerpt":{"rendered":"<p>[vc_row][vc_column][vc_column_text] [\/vc_column_text][\/vc_column][\/vc_row][vc_row][vc_column][vc_single_image image=&#8221;5949&#8243; img_size=&#8221;full&#8221; alignment=&#8221;center&#8221;][vc_custom_heading text=&#8221;Grafit EDM&#8221; font_container=&#8221;tag:h1|text_align:left&#8221; use_theme_fonts=&#8221;yes&#8221;][\/vc_column][\/vc_row][vc_row][vc_column][vc_tta_accordion c_icon=&#8221;chevron&#8221; active_section=&#8221;78&#8243; collapsible_all=&#8221;true&#8221;][vc_tta_section title=&#8221;Firma Tokai wprowadzi\u0142a grafitowe materia\u0142y izostatyczne&#8221; tab_id=&#8221;1523900317427-8ccd57e6-bd3d&#8221;][vc_column_text]Firma Tokai wprowadzi\u0142a grafitowe materia\u0142y izostatyczne na pocz\u0105tku lat 80 ubieg\u0142ego wieku. Skr\u00f3t \u201cHK\u201d pochodzi od japo\u0144skiego terminu \u201cHoden Kako\u201d, co oznacza obr\u00f3bk\u0119 elektroerozyjn\u0105. Szybko stali\u015bmy si\u0119 jednym z wiod\u0105cych dostawc\u00f3w grafitu izostatycznego EDM na \u015bwiece. Poprzez rozw\u00f3j technologii, Tokai jest liderem&#8230;<\/p>\n","protected":false},"author":1,"featured_media":0,"parent":0,"menu_order":0,"comment_status":"open","ping_status":"open","template":"","meta":{"footnotes":""},"_links":{"self":[{"href":"http:\/\/schunk-tokai.pl\/pl\/wp-json\/wp\/v2\/pages\/507"}],"collection":[{"href":"http:\/\/schunk-tokai.pl\/pl\/wp-json\/wp\/v2\/pages"}],"about":[{"href":"http:\/\/schunk-tokai.pl\/pl\/wp-json\/wp\/v2\/types\/page"}],"author":[{"embeddable":true,"href":"http:\/\/schunk-tokai.pl\/pl\/wp-json\/wp\/v2\/users\/1"}],"replies":[{"embeddable":true,"href":"http:\/\/schunk-tokai.pl\/pl\/wp-json\/wp\/v2\/comments?post=507"}],"version-history":[{"count":2,"href":"http:\/\/schunk-tokai.pl\/pl\/wp-json\/wp\/v2\/pages\/507\/revisions"}],"predecessor-version":[{"id":6038,"href":"http:\/\/schunk-tokai.pl\/pl\/wp-json\/wp\/v2\/pages\/507\/revisions\/6038"}],"wp:attachment":[{"href":"http:\/\/schunk-tokai.pl\/pl\/wp-json\/wp\/v2\/media?parent=507"}],"curies":[{"name":"wp","href":"https:\/\/api.w.org\/{rel}","templated":true}]}}